{"id":3768,"date":"2023-08-14T19:55:49","date_gmt":"2023-08-14T22:55:49","guid":{"rendered":"https:\/\/isp16-sfe.infd.edu.ar\/sitio\/?page_id=3768"},"modified":"2023-08-14T19:55:50","modified_gmt":"2023-08-14T22:55:50","slug":"reglamento-academico-marco-decreto-4199-15","status":"publish","type":"page","link":"https:\/\/isp16-sfe.infd.edu.ar\/sitio\/reglamento-academico-marco-decreto-4199-15\/","title":{"rendered":"<strong>REGLAMENTO ACAD\u00c9MICO MARCO DECRETO 4199\/15<\/strong>"},"content":{"rendered":"\n<p>Art. 66: Los IES podr\u00e1n ofrecer el cursado de Adscripcciones a los graduados en&nbsp;instituciones de Nivel Superior, sean o no egresados de su propia instituci\u00f3n, en las distintas Unidades Curriculares para los cuales tiene competencias su titulaci\u00f3n.<\/p>\n\n\n\n<p>Art 67: Los IES definir\u00e1n en sus respectivos RAI la reglamentaci\u00f3n especifica del&nbsp;R\u00e9gimen de Adscripciones.<\/p>\n\n\n\n<p>Art. 68: La solicitud de Adscripci\u00f3n ser\u00e1 evaluada por una Comisi\u00f3n integrada por un miembro del equipo directivo, el Jefe de Secci\u00f3n\/Coordinador del \u00e1rea o Coordinador de carrera y el profesor de la Unidad Curricular, quienes deber\u00e1n elaborar un Acta fundamentando la aceptaci\u00f3n o rechazo de la misma.<\/p>\n\n\n\n<p>Art. 69: Las Adscripciones tendr\u00e1n una duraci\u00f3n m\u00ednima de dos a\u00f1os, debiendo finalizar con la presentaci\u00f3n de un Trabajo final escrito y defendido oralmente ante una comisi\u00f3n como la mencionada en el art. 68.<\/p>\n\n\n\n<p>Art. 70: El profesor Adscripto no podr\u00e1 hacerse cargo de la Unidad Curricular ante la ausencia del docente a cargo del mismo.<\/p>\n\n\n\n<p>Art. 72: La Direcci\u00f3n del IES, previo Informe del Consejo Institucional, emitir\u00e1 la&nbsp;Disposici\u00f3n que acredite la aprobaci\u00f3n de Ia Adscripci\u00f3n.<\/p>\n\n\n\n<p>Art. 73: La actividad desarrollada por el adscripto en relaci\u00f3n a su rol, no constituir\u00e1 en&nbsp;absoluto vinculo laboral alguno entre \u00e9ste y la Instituci\u00f3n, el Ministerio de Educaci\u00f3n de la&nbsp;Provincia -de Santa Fe y\/,o Entidad Patronal.&nbsp;(DECRETO 4199\/15)<\/p>\n\n\n\n<p><strong>Cap\u00edtulo 2: \u00abDe las Adscripciones\u00bb<\/strong><\/p>\n\n\n\n<p>Se establece como derecho que los egresados podr\u00e1n&nbsp; especializarse en una tem\u00e1tica de su inter\u00e9s e integrarse a la vida institucional como profesores adscriptos a una c\u00e1tedra. &nbsp;Esta adscripci\u00f3n representa un curso de dos a\u00f1os de desarrollo continuo y de especializaci\u00f3n en una unidad curricular determinada.<\/p>\n","protected":false},"excerpt":{"rendered":"<p>Art. 66: Los IES podr\u00e1n ofrecer el cursado de Adscripcciones a los graduados en&nbsp;instituciones de Nivel Superior, sean o no egresados de su propia instituci\u00f3n, en las distintas Unidades Curriculares para los cuales tiene competencias su titulaci\u00f3n. Art 67: Los IES definir\u00e1n en sus respectivos RAI la reglamentaci\u00f3n especifica del&nbsp;R\u00e9gimen de Adscripciones. Art. 68: La &#8230; <a title=\"REGLAMENTO ACAD\u00c9MICO MARCO DECRETO 4199\/15\" class=\"read-more\" href=\"https:\/\/isp16-sfe.infd.edu.ar\/sitio\/reglamento-academico-marco-decreto-4199-15\/\" aria-label=\"More on REGLAMENTO ACAD\u00c9MICO MARCO DECRETO 4199\/15\">[+]<\/a><\/p>\n","protected":false},"author":30,"featured_media":0,"parent":0,"menu_order":0,"comment_status":"closed","ping_status":"closed","template":"","meta":[],"acf":[],"_links":{"self":[{"href":"https:\/\/isp16-sfe.infd.edu.ar\/sitio\/wp-json\/wp\/v2\/pages\/3768"}],"collection":[{"href":"https:\/\/isp16-sfe.infd.edu.ar\/sitio\/wp-json\/wp\/v2\/pages"}],"about":[{"href":"https:\/\/isp16-sfe.infd.edu.ar\/sitio\/wp-json\/wp\/v2\/types\/page"}],"author":[{"embeddable":true,"href":"https:\/\/isp16-sfe.infd.edu.ar\/sitio\/wp-json\/wp\/v2\/users\/30"}],"replies":[{"embeddable":true,"href":"https:\/\/isp16-sfe.infd.edu.ar\/sitio\/wp-json\/wp\/v2\/comments?post=3768"}],"version-history":[{"count":1,"href":"https:\/\/isp16-sfe.infd.edu.ar\/sitio\/wp-json\/wp\/v2\/pages\/3768\/revisions"}],"predecessor-version":[{"id":3769,"href":"https:\/\/isp16-sfe.infd.edu.ar\/sitio\/wp-json\/wp\/v2\/pages\/3768\/revisions\/3769"}],"wp:attachment":[{"href":"https:\/\/isp16-sfe.infd.edu.ar\/sitio\/wp-json\/wp\/v2\/media?parent=3768"}],"curies":[{"name":"wp","href":"https:\/\/api.w.org\/{rel}","templated":true}]}}