{"id":3763,"date":"2023-08-14T19:51:46","date_gmt":"2023-08-14T22:51:46","guid":{"rendered":"https:\/\/isp16-sfe.infd.edu.ar\/sitio\/?page_id=3763"},"modified":"2023-08-14T19:51:47","modified_gmt":"2023-08-14T22:51:47","slug":"requisitos","status":"publish","type":"page","link":"https:\/\/isp16-sfe.infd.edu.ar\/sitio\/requisitos\/","title":{"rendered":"Requisitos"},"content":{"rendered":"\n<div class=\"wp-block-columns is-layout-flex wp-container-3\">\n<div class=\"wp-block-column is-layout-flow\">\n<p><strong>Condiciones:<\/strong><\/p>\n\n\n\n<p>El egresado que se postula como adscripto para una unidad curricular debe:<\/p>\n\n\n\n<ul>\n<li>Tener t\u00edtulo de Profesor, egresado del ISP N\u00ba 16 \u201cDr. Bernardo A. Houssay\u201d, de otros Institutos del Profesorado o universidades.<\/li>\n\n\n\n<li>Acordar con el profesor de la unidad curricular la aceptaci\u00f3n de la adscripci\u00f3n.<\/li>\n\n\n\n<li>Presentar un formulario solicitando su adscripci\u00f3n a realizar y acompa\u00f1arlo con una nota dirigida al Director del Instituto en la que se explicite la elecci\u00f3n de la unidad curricular, tanto por los intereses tem\u00e1ticos como por sus aspectos did\u00e1ctico-pedag\u00f3gicos.<\/li>\n\n\n\n<li>La documentaci\u00f3n deber\u00e1 presentarse en el per\u00edodo se\u00f1alado por el Calendario Acad\u00e9mico Institucional (hasta \u00faltimo d\u00eda h\u00e1bil de abril)<\/li>\n\n\n\n<li>En unidades curriculares del trayecto de la pr\u00e1ctica docente el profesor adscripto deber\u00e1 acreditar experiencia en el nivel dentro de como m\u00ednimo un a\u00f1o.<\/li>\n\n\n\n<li>La adscripci\u00f3n durar\u00e1 dos a\u00f1os de cursado y el trabajo final Se presentar\u00e1 al\/la docente a cargo hasta el \u00faltimo d\u00eda del mes de julio del a\u00f1o posterior a la culminaci\u00f3n de la adscripci\u00f3n<\/li>\n\n\n\n<li>Al finalizar el primer a\u00f1o de cursado el\/la profesor\/a adscripto\/a deber\u00e1 presentar un pre-dise\u00f1o del proyecto del trabajo final de investigaci\u00f3n (ultimo d\u00eda del mes de marzo del segundo a\u00f1o de adscripci\u00f3n)<\/li>\n\n\n\n<li>Una vez presentado el trabajo final de investigaci\u00f3n este deber\u00e1 ser evaluado por el\/la profesor\/a a cargo de la materia, que tendr\u00e1 un m\u00e1ximo de 90 d\u00edas para la correcci\u00f3n.<\/li>\n\n\n\n<li>Aprobado el trabajo se formar\u00e1 un tribunal con: Miembro del equipo directivo, Coordinador\/a de la carrera del trayecto al que pertenezca la instancia curricular, y profesor\/a de la unidad curricular a cargo o en su defecto, otro\/a profesor\/a especialista en el \u00e1rea o unidad curricular af\u00edn.<\/li>\n\n\n\n<li>La exposici\u00f3n del trabajo podr\u00e1 hacerse tanto en mesa conformada por el tribunal como en una clase de la materia con asistencia del tribunal.<\/li>\n\n\n\n<li>Luego del coloquio, el tribunal asentar\u00e1 en actas la evaluaci\u00f3n, que se entregar\u00e1 al Director para realizar el dictamen, Luego se informa &nbsp;&nbsp;al\/la profesor\/a adscripto\/a para que retire su certificaci\u00f3n de la adscripci\u00f3n realizada<\/li>\n<\/ul>\n<\/div>\n\n\n\n<div class=\"wp-block-column is-layout-flow\">\n<p><strong>Actividades:<\/strong><\/p>\n\n\n\n<ul>\n<li>El profesor adscripto tendr\u00e1 obligaci\u00f3n de asistencia al 80% de las clases durante el primer a\u00f1o y al 60% de clases durante el segundo a\u00f1o.<\/li>\n\n\n\n<li>La totalidad de sus actividades deber\u00e1n estar avaladas por el\/la docente a cargo del Espacio Curricular.<\/li>\n\n\n\n<li>Para mayor informaci\u00f3n de las actividades por a\u00f1o de adscripci\u00f3n, se sugiere leer el Reglamento de Adscripciones que est\u00e1 en el link en la parte inferior de esta pagina<\/li>\n<\/ul>\n\n\n\n<p>En ning\u00fan caso podr\u00e1:<\/p>\n\n\n\n<ul>\n<li>Reemplazar al docente en el dictado de la clase<\/li>\n\n\n\n<li>Intervenir en la correcci\u00f3n de trabajos o parciales.<\/li>\n\n\n\n<li>Intervenir en documentaci\u00f3n de la instituci\u00f3n de responsabilidad docente (planillas, actas, notificaciones, etc.)<\/li>\n\n\n\n<li>Actuar como intermediario del docente en comunicaciones dadas por la Direcci\u00f3n, Regencia o Secci\u00f3n Alumnado.<\/li>\n\n\n\n<li>Intervenir en mesas de examen.<\/li>\n<\/ul>\n\n\n\n<p><strong>El profesor a cargo de la unidad curricular deber\u00e1:<\/strong><\/p>\n\n\n\n<ul>\n<li>Aceptar realizar el seguimiento del\/la profesor\/a adscripto\/a.<\/li>\n\n\n\n<li>Asesorarlo\/a y guiarlo\/a en todas las instancias de investigaci\u00f3n de su trabajo<\/li>\n<\/ul>\n<\/div>\n<\/div>\n","protected":false},"excerpt":{"rendered":"<p>Condiciones: El egresado que se postula como adscripto para una unidad curricular debe: Actividades: En ning\u00fan caso podr\u00e1: El profesor a cargo de la unidad curricular deber\u00e1:<\/p>\n","protected":false},"author":30,"featured_media":0,"parent":0,"menu_order":0,"comment_status":"closed","ping_status":"closed","template":"","meta":[],"acf":[],"_links":{"self":[{"href":"https:\/\/isp16-sfe.infd.edu.ar\/sitio\/wp-json\/wp\/v2\/pages\/3763"}],"collection":[{"href":"https:\/\/isp16-sfe.infd.edu.ar\/sitio\/wp-json\/wp\/v2\/pages"}],"about":[{"href":"https:\/\/isp16-sfe.infd.edu.ar\/sitio\/wp-json\/wp\/v2\/types\/page"}],"author":[{"embeddable":true,"href":"https:\/\/isp16-sfe.infd.edu.ar\/sitio\/wp-json\/wp\/v2\/users\/30"}],"replies":[{"embeddable":true,"href":"https:\/\/isp16-sfe.infd.edu.ar\/sitio\/wp-json\/wp\/v2\/comments?post=3763"}],"version-history":[{"count":1,"href":"https:\/\/isp16-sfe.infd.edu.ar\/sitio\/wp-json\/wp\/v2\/pages\/3763\/revisions"}],"predecessor-version":[{"id":3765,"href":"https:\/\/isp16-sfe.infd.edu.ar\/sitio\/wp-json\/wp\/v2\/pages\/3763\/revisions\/3765"}],"wp:attachment":[{"href":"https:\/\/isp16-sfe.infd.edu.ar\/sitio\/wp-json\/wp\/v2\/media?parent=3763"}],"curies":[{"name":"wp","href":"https:\/\/api.w.org\/{rel}","templated":true}]}}