{"id":286,"date":"2016-10-31T13:17:59","date_gmt":"2016-10-31T16:17:59","guid":{"rendered":"https:\/\/isp16-sfe.infd.edu.ar\/sitio\/?page_id=286"},"modified":"2026-04-07T12:50:23","modified_gmt":"2026-04-07T15:50:23","slug":"inicio","status":"publish","type":"page","link":"https:\/\/isp16-sfe.infd.edu.ar\/sitio\/","title":{"rendered":"Inicio"},"content":{"rendered":"<h2 class=\"Texto_verdana\" style=\"text-align: center;\"><span style=\"color: #ffffff;\"><span style=\"font-family: Verdana, Arial, Helvetica, sans-serif; font-size: 18pt;\">Instituto Superior del Profesorado N\u00b0 16:\u00a0 \u00a0 \u00a0<\/span><\/span><\/h2>\n<h2 class=\"Texto_verdana\" style=\"text-align: center;\"><span style=\"color: #ffffff;\"><span style=\"font-family: Verdana, Arial, Helvetica, sans-serif; font-size: 18pt;\">\u201cDr. Bernardo A. Houssay\u201d<\/span><\/span><\/h2>\n<h2 style=\"text-align: center;\"><span style=\"font-family: Verdana, Arial, Helvetica, sans-serif; font-size: 18pt; color: #ffffff;\"><span style=\"font-size: 14pt;\"><strong>Urquiza 3462<\/strong>\u00a0 &#8211; Rosario<\/span><\/span><\/h2>\n<p>&nbsp;<\/p>\n<p>&nbsp;<\/p>\n<p>&nbsp;<\/p>\n<p>&nbsp;<\/p>\n<p>&nbsp;<\/p>\n<h2 style=\"text-align: left;\">\u00a0<\/h2>\n<p>&nbsp;<\/p>\n<p style=\"text-align: center;\"><strong>Horarios de atenci\u00f3n:\u00a0 \u00a0 \u00a0<\/strong><strong>9:00 a 11:00 hs.\u00a0 |\u00a0 <\/strong><strong>14:00 a 16:00 hs. | <\/strong><strong>18:00 a 20:00 hs.<\/strong><\/p>\n<div class=\"contenedor-flyer\" style=\"display: flex; justify-content: center; align-items: center;\"><img decoding=\"async\" style=\"max-width: 50%; height: auto;\" src=\"https:\/\/isp16-sfe.infd.edu.ar\/sitio\/wp-content\/uploads\/2026\/04\/FLYER-Mesas-Esp.jpeg\" alt=\"Flyer 2\" \/><\/div>\n<hr \/>\n<div class=\"contenedor-flyer\" style=\"display: flex; justify-content: center; align-items: center;\"><img decoding=\"async\" style=\"max-width: 50%; height: auto;\" src=\"https:\/\/isp16-sfe.infd.edu.ar\/sitio\/wp-content\/uploads\/2026\/03\/IMG-20260305-WA0020-667x1000.jpg\" alt=\"Flyer 1\" \/><\/div>\n<hr \/>\n<h3 class=\"contenedor-flyer\" style=\"display: flex; justify-content: center; align-items: center; text-align: center;\"><img decoding=\"async\" style=\"max-width: 75%; height: auto;\" src=\"https:\/\/isp16-sfe.infd.edu.ar\/sitio\/wp-content\/uploads\/2026\/03\/WhatsApp-Image-2026-03-26-at-23.37.44.jpeg\" alt=\"Flyer\" \/><\/h3>\n<h3 style=\"text-align: center;\"><span style=\"color: #000080;\"><a style=\"color: #000080;\" href=\"https:\/\/forms.gle\/Tt6n1JdmUKA7ECcz7\" target=\"_blank\" rel=\"noopener\"><em>COMPLETA EL FORMULARIO<\/em><\/a><\/span><\/h3>\n<hr \/>\n<h3 style=\"text-align: center;\"><strong>La colaboraci\u00f3n de Cooperadora se realizara \u00fanicamente en EFECTIVO<\/strong><\/h3>\n<hr \/>\n<p>&nbsp;<\/p>\n<h4 style=\"text-align: center;\"><span style=\"color: #800080;\"><em>Secretar\u00eda de G\u00e9nero y Diversidad\u00a0<\/em><\/span><\/h4>\n<p style=\"text-align: center;\"><a href=\"https:\/\/sites.google.com\/view\/sec-genero-y-diversidad\/inicio?authuser=0\">Sec. de G\u00e9nero y Diversidad (google.com)<\/a><\/p>\n<p style=\"text-align: center;\">\u00a0<\/p>\n<p style=\"text-align: center;\"><img decoding=\"async\" loading=\"lazy\" class=\"alignnone size-medium wp-image-4303\" src=\"https:\/\/isp16-sfe.infd.edu.ar\/sitio\/wp-content\/uploads\/2025\/10\/pre-inscripciones-2026-modificado-718x1000.jpg\" alt=\"\" width=\"718\" height=\"1000\" srcset=\"https:\/\/isp16-sfe.infd.edu.ar\/sitio\/wp-content\/uploads\/2025\/10\/pre-inscripciones-2026-modificado-718x1000.jpg 718w, https:\/\/isp16-sfe.infd.edu.ar\/sitio\/wp-content\/uploads\/2025\/10\/pre-inscripciones-2026-modificado-1365x1900.jpg 1365w, https:\/\/isp16-sfe.infd.edu.ar\/sitio\/wp-content\/uploads\/2025\/10\/pre-inscripciones-2026-modificado-768x1069.jpg 768w, https:\/\/isp16-sfe.infd.edu.ar\/sitio\/wp-content\/uploads\/2025\/10\/pre-inscripciones-2026-modificado-1103x1536.jpg 1103w, https:\/\/isp16-sfe.infd.edu.ar\/sitio\/wp-content\/uploads\/2025\/10\/pre-inscripciones-2026-modificado-1471x2048.jpg 1471w, https:\/\/isp16-sfe.infd.edu.ar\/sitio\/wp-content\/uploads\/2025\/10\/pre-inscripciones-2026-modificado-scaled.jpg 1839w\" sizes=\"(max-width: 718px) 100vw, 718px\" \/><\/p>\n<p style=\"text-align: center;\"><span style=\"color: #ffff00;\"><strong>DESCARGA FORMULARIO INSCRIPCI\u00d3N <a href=\"https:\/\/isp16-sfe.infd.edu.ar\/sitio\/wp-content\/uploads\/2025\/11\/SOLICITUD-DE-INGRESO-2026.pdf\" target=\"_blank\" rel=\"noopener\"><span style=\"color: #0000ff;\">AQU\u00cd<\/span><\/a><\/strong><\/span><\/p>\n<h3 style=\"text-align: center;\"><span style=\"color: #3366ff;\">Conversatorios<\/span><\/h3>\n<div  class=\"lgc-column lgc-grid-parent lgc-grid-25 lgc-tablet-grid-50 lgc-mobile-grid-100 lgc-equal-heights \"><div  class=\"inside-grid-column\">\n<p><iframe loading=\"lazy\" title=\"YouTube video player\" src=\"https:\/\/www.youtube.com\/embed\/XbTJDMHaF2g\" width=\"360\" height=\"215\" frameborder=\"0\" allowfullscreen=\"allowfullscreen\"><\/iframe><\/p><\/div><\/div>\n<div  class=\"lgc-column lgc-grid-parent lgc-grid-25 lgc-tablet-grid-50 lgc-mobile-grid-100 lgc-equal-heights \"><div  class=\"inside-grid-column\">\n<p><iframe loading=\"lazy\" title=\"YouTube video player\" src=\"https:\/\/www.youtube.com\/embed\/EmA55O1IH_k\" width=\"360\" height=\"215\" frameborder=\"0\" allowfullscreen=\"allowfullscreen\"><\/iframe><\/p><\/div><\/div>\n<div  class=\"lgc-column lgc-grid-parent lgc-grid-25 lgc-tablet-grid-50 lgc-mobile-grid-100 lgc-equal-heights \"><div  class=\"inside-grid-column\">\n<p><iframe loading=\"lazy\" title=\"YouTube video player\" src=\"https:\/\/www.youtube.com\/embed\/BaeC1P6PaYk\" width=\"360\" height=\"215\" frameborder=\"0\" allowfullscreen=\"allowfullscreen\"><\/iframe><\/p><\/div><\/div>\n<div  class=\"lgc-column lgc-grid-parent lgc-grid-25 lgc-tablet-grid-50 lgc-mobile-grid-100 lgc-equal-heights \"><div  class=\"inside-grid-column\">\n<p><iframe loading=\"lazy\" title=\"YouTube video player\" src=\"https:\/\/www.youtube.com\/embed\/Tat-reEqBQc\" width=\"360\" height=\"215\" frameborder=\"0\" allowfullscreen=\"allowfullscreen\"><\/iframe><\/p><\/div><\/div>\n<div  class=\"lgc-column lgc-grid-parent lgc-grid-25 lgc-tablet-grid-50 lgc-mobile-grid-100 lgc-equal-heights \"><div  class=\"inside-grid-column\">\n<p><iframe loading=\"lazy\" title=\"YouTube video player\" src=\"https:\/\/www.youtube.com\/embed\/LyKWaTK756U\" width=\"360\" height=\"215\" frameborder=\"0\" allowfullscreen=\"allowfullscreen\" data-mce-fragment=\"1\"><\/iframe><\/p><\/div><\/div>\n<div  class=\"lgc-column lgc-grid-parent lgc-grid-25 lgc-tablet-grid-50 lgc-mobile-grid-100 lgc-equal-heights \"><div  class=\"inside-grid-column\">\n<p><iframe loading=\"lazy\" title=\"YouTube video player\" src=\"https:\/\/www.youtube.com\/embed\/NzAddNYC6RA\" width=\"360\" height=\"215\" frameborder=\"0\" allowfullscreen=\"allowfullscreen\" data-mce-fragment=\"1\"><\/iframe><\/p><\/div><\/div>\n<div  class=\"lgc-column lgc-grid-parent lgc-grid-25 lgc-tablet-grid-50 lgc-mobile-grid-100 lgc-equal-heights \"><div  class=\"inside-grid-column\">\n<p><iframe loading=\"lazy\" title=\"YouTube video player\" src=\"https:\/\/www.youtube.com\/embed\/UBCsrWKuTho\" width=\"360\" height=\"215\" frameborder=\"0\" allowfullscreen=\"allowfullscreen\" data-mce-fragment=\"1\"><\/iframe><\/p><\/div><\/div>\n<div  class=\"lgc-column lgc-grid-parent lgc-grid-25 lgc-tablet-grid-50 lgc-mobile-grid-100 lgc-equal-heights \"><div  class=\"inside-grid-column\">\n<p><iframe loading=\"lazy\" title=\"YouTube video player\" src=\"https:\/\/www.youtube.com\/embed\/mSIVicZbIi0\" width=\"360\" height=\"215\" frameborder=\"0\" allowfullscreen=\"allowfullscreen\" data-mce-fragment=\"1\"><\/iframe><\/p><\/div><\/div>\n<div  class=\"lgc-column lgc-grid-parent lgc-grid-25 lgc-tablet-grid-50 lgc-mobile-grid-100 lgc-equal-heights \"><div  class=\"inside-grid-column\">\n<p><iframe loading=\"lazy\" title=\"YouTube video player\" src=\"https:\/\/www.youtube.com\/embed\/a2TCspOPSIo\" width=\"360\" height=\"215\" frameborder=\"0\" allowfullscreen=\"allowfullscreen\" data-mce-fragment=\"1\"><\/iframe><\/p><\/div><\/div>\n<div  class=\"lgc-column lgc-grid-parent lgc-grid-25 lgc-tablet-grid-50 lgc-mobile-grid-100 lgc-equal-heights \"><div  class=\"inside-grid-column\">\n<p><iframe loading=\"lazy\" title=\"YouTube video player\" src=\"https:\/\/www.youtube.com\/embed\/C6dYEtmWVT4\" width=\"360\" height=\"215\" frameborder=\"0\" allowfullscreen=\"allowfullscreen\" data-mce-fragment=\"1\"><\/iframe><\/p><\/div><\/div>\n<div  class=\"lgc-column lgc-grid-parent lgc-grid-25 lgc-tablet-grid-50 lgc-mobile-grid-100 lgc-equal-heights \"><div  class=\"inside-grid-column\">\n<p><iframe loading=\"lazy\" title=\"YouTube video player\" src=\"https:\/\/www.youtube.com\/embed\/eMQk4JLMs5c\" width=\"360\" height=\"215\" frameborder=\"0\" allowfullscreen=\"allowfullscreen\" data-mce-fragment=\"1\"><\/iframe><\/p><\/div><\/div>\n<p>&nbsp;<\/p>\n<p>&nbsp;<\/p>\n<h6 style=\"text-align: center;\"><a href=\"https:\/\/www.instagram.com\/profesorado_diesciseis\/?hl=es\">INSTAGRAM<\/a> \u00a0\u00a0 \u00a0\u00a0 \u00a0<a href=\"https:\/\/www.facebook.com\/isp16\">FACEBOOK<\/a><\/h6>\n","protected":false},"excerpt":{"rendered":"<p>Instituto Superior del Profesorado N\u00b0 16:\u00a0 \u00a0 \u00a0 \u201cDr. Bernardo A. Houssay\u201d Urquiza 3462\u00a0 &#8211; Rosario &nbsp; &nbsp; &nbsp; &nbsp; &nbsp; \u00a0 &nbsp; Horarios de atenci\u00f3n:\u00a0 \u00a0 \u00a09:00 a 11:00 hs.\u00a0 |\u00a0 14:00 a 16:00 hs. | 18:00 a 20:00 hs. COMPLETA EL FORMULARIO La colaboraci\u00f3n de Cooperadora se realizara \u00fanicamente en EFECTIVO &nbsp; Secretar\u00eda &#8230; <a title=\"Inicio\" class=\"read-more\" href=\"https:\/\/isp16-sfe.infd.edu.ar\/sitio\/\" aria-label=\"More on Inicio\">[+]<\/a><\/p>\n","protected":false},"author":1,"featured_media":0,"parent":0,"menu_order":0,"comment_status":"closed","ping_status":"closed","template":"","meta":[],"acf":[],"_links":{"self":[{"href":"https:\/\/isp16-sfe.infd.edu.ar\/sitio\/wp-json\/wp\/v2\/pages\/286"}],"collection":[{"href":"https:\/\/isp16-sfe.infd.edu.ar\/sitio\/wp-json\/wp\/v2\/pages"}],"about":[{"href":"https:\/\/isp16-sfe.infd.edu.ar\/sitio\/wp-json\/wp\/v2\/types\/page"}],"author":[{"embeddable":true,"href":"https:\/\/isp16-sfe.infd.edu.ar\/sitio\/wp-json\/wp\/v2\/users\/1"}],"replies":[{"embeddable":true,"href":"https:\/\/isp16-sfe.infd.edu.ar\/sitio\/wp-json\/wp\/v2\/comments?post=286"}],"version-history":[{"count":1734,"href":"https:\/\/isp16-sfe.infd.edu.ar\/sitio\/wp-json\/wp\/v2\/pages\/286\/revisions"}],"predecessor-version":[{"id":4681,"href":"https:\/\/isp16-sfe.infd.edu.ar\/sitio\/wp-json\/wp\/v2\/pages\/286\/revisions\/4681"}],"wp:attachment":[{"href":"https:\/\/isp16-sfe.infd.edu.ar\/sitio\/wp-json\/wp\/v2\/media?parent=286"}],"curies":[{"name":"wp","href":"https:\/\/api.w.org\/{rel}","templated":true}]}}