{"id":1465,"date":"2018-08-31T14:55:00","date_gmt":"2018-08-31T17:55:00","guid":{"rendered":"https:\/\/isp16-sfe.infd.edu.ar\/sitio\/11-carpeta-medica-docente-y-asistentes-escolares\/"},"modified":"2024-06-18T20:06:53","modified_gmt":"2024-06-18T23:06:53","slug":"11-carpeta-medica-docente-y-asistentes-escolares","status":"publish","type":"page","link":"https:\/\/isp16-sfe.infd.edu.ar\/sitio\/11-carpeta-medica-docente-y-asistentes-escolares\/","title":{"rendered":"6) Carpeta M\u00e9dica Docente y Asistentes Escolares"},"content":{"rendered":"<p><span style=\"text-decoration: underline;\"><em><strong>Formularios para descargar<\/strong><\/em><\/span><\/p>\n<p><a title=\"https:\/\/isp16-sfe.infd.edu.ar\/aula\/archivos\/repositorio\/\/500\/509\/Formulario_CM-01_-_Solicitud_de_Carpeta_Medica.pdf\" href=\"https:\/\/isp16-sfe.infd.edu.ar\/aula\/archivos\/repositorio\/\/500\/509\/Formulario_CM-01_-_Solicitud_de_Carpeta_Medica.pdf\" target=\"_NEW\" rel=\"noopener\">Formulario CM-01 &#8211; Solicitud de Carpeta M\u00e9dica<\/a><\/p>\n<p><a title=\"https:\/\/isp16-sfe.infd.edu.ar\/aula\/archivos\/repositorio\/\/500\/515\/Estudios_a_realizar_para_Carpeta_Medica_Docente.pdf\" href=\"https:\/\/isp16-sfe.infd.edu.ar\/aula\/archivos\/repositorio\/\/500\/515\/Estudios_a_realizar_para_Carpeta_Medica_Docente.pdf\" target=\"_NEW\" rel=\"noopener\">Estudios a realizar para Carpeta M\u00e9dica Docente<\/a><\/p>\n<p><a title=\"https:\/\/isp16-sfe.infd.edu.ar\/aula\/archivos\/repositorio\/\/500\/513\/Estudios_a_realizar_para_Carpeta_Medica_Asistentes_Escolares.pdf\" href=\"https:\/\/isp16-sfe.infd.edu.ar\/aula\/archivos\/repositorio\/\/500\/513\/Estudios_a_realizar_para_Carpeta_Medica_Asistentes_Escolares.pdf\" target=\"_NEW\" rel=\"noopener\">Estudios a realizar para Carpeta M\u00e9dica Asistentes Escolares<\/a><\/p>\n","protected":false},"excerpt":{"rendered":"<p>Formularios para descargar Formulario CM-01 &#8211; Solicitud de Carpeta M\u00e9dica Estudios a realizar para Carpeta M\u00e9dica Docente Estudios a realizar para Carpeta M\u00e9dica Asistentes Escolares<\/p>\n","protected":false},"author":2082,"featured_media":0,"parent":0,"menu_order":0,"comment_status":"closed","ping_status":"closed","template":"","meta":[],"acf":[],"_links":{"self":[{"href":"https:\/\/isp16-sfe.infd.edu.ar\/sitio\/wp-json\/wp\/v2\/pages\/1465"}],"collection":[{"href":"https:\/\/isp16-sfe.infd.edu.ar\/sitio\/wp-json\/wp\/v2\/pages"}],"about":[{"href":"https:\/\/isp16-sfe.infd.edu.ar\/sitio\/wp-json\/wp\/v2\/types\/page"}],"author":[{"embeddable":true,"href":"https:\/\/isp16-sfe.infd.edu.ar\/sitio\/wp-json\/wp\/v2\/users\/2082"}],"replies":[{"embeddable":true,"href":"https:\/\/isp16-sfe.infd.edu.ar\/sitio\/wp-json\/wp\/v2\/comments?post=1465"}],"version-history":[{"count":1,"href":"https:\/\/isp16-sfe.infd.edu.ar\/sitio\/wp-json\/wp\/v2\/pages\/1465\/revisions"}],"predecessor-version":[{"id":4026,"href":"https:\/\/isp16-sfe.infd.edu.ar\/sitio\/wp-json\/wp\/v2\/pages\/1465\/revisions\/4026"}],"wp:attachment":[{"href":"https:\/\/isp16-sfe.infd.edu.ar\/sitio\/wp-json\/wp\/v2\/media?parent=1465"}],"curies":[{"name":"wp","href":"https:\/\/api.w.org\/{rel}","templated":true}]}}