{"id":1461,"date":"2018-08-31T14:54:59","date_gmt":"2018-08-31T17:54:59","guid":{"rendered":"https:\/\/isp16-sfe.infd.edu.ar\/sitio\/9-certificado-de-desempeno-mayor-jerarquia\/"},"modified":"2024-06-18T20:06:13","modified_gmt":"2024-06-18T23:06:13","slug":"9-certificado-de-desempeno-mayor-jerarquia","status":"publish","type":"page","link":"https:\/\/isp16-sfe.infd.edu.ar\/sitio\/9-certificado-de-desempeno-mayor-jerarquia\/","title":{"rendered":"4) Certificado de Desempe\u00f1o Mayor Jerarqu\u00eda"},"content":{"rendered":"<p><span style=\"text-decoration: underline;\"><em><strong>Formularios para descargar<\/strong><\/em><\/span><\/p>\n<p><span><a title=\"https:\/\/isp16-sfe.infd.edu.ar\/aula\/archivos\/repositorio\/\/500\/518\/Certificado_de_Desempen_o_Mayor_Jerarquia_-_Docentes_4597-83.pdf\" href=\"https:\/\/isp16-sfe.infd.edu.ar\/aula\/archivos\/repositorio\/\/500\/518\/Certificado_de_Desempen_o_Mayor_Jerarquia_-_Docentes_4597-83.pdf\" target=\"_NEW\" rel=\"noopener\">Certificado de Desempe\u00f1o Mayor Jerarqu\u00eda &#8211; Docentes 4597-83<\/a><\/span><\/p>\n<p><a title=\"https:\/\/isp16-sfe.infd.edu.ar\/aula\/archivos\/repositorio\/\/500\/514\/Certificado_de_Desempen_o_Mayor_Jerarquia_-_Asistentes_Escolares_1919-89.pdf\" href=\"https:\/\/isp16-sfe.infd.edu.ar\/aula\/archivos\/repositorio\/\/500\/514\/Certificado_de_Desempen_o_Mayor_Jerarquia_-_Asistentes_Escolares_1919-89.pdf\" target=\"_NEW\" rel=\"noopener\">Certificado de Desempe\u00f1o Mayor Jerarqu\u00eda &#8211; Asistentes Escolares 1919-89<\/a><\/p>\n","protected":false},"excerpt":{"rendered":"<p>Formularios para descargar Certificado de Desempe\u00f1o Mayor Jerarqu\u00eda &#8211; Docentes 4597-83 Certificado de Desempe\u00f1o Mayor Jerarqu\u00eda &#8211; Asistentes Escolares 1919-89<\/p>\n","protected":false},"author":2082,"featured_media":0,"parent":0,"menu_order":0,"comment_status":"closed","ping_status":"closed","template":"","meta":[],"acf":[],"_links":{"self":[{"href":"https:\/\/isp16-sfe.infd.edu.ar\/sitio\/wp-json\/wp\/v2\/pages\/1461"}],"collection":[{"href":"https:\/\/isp16-sfe.infd.edu.ar\/sitio\/wp-json\/wp\/v2\/pages"}],"about":[{"href":"https:\/\/isp16-sfe.infd.edu.ar\/sitio\/wp-json\/wp\/v2\/types\/page"}],"author":[{"embeddable":true,"href":"https:\/\/isp16-sfe.infd.edu.ar\/sitio\/wp-json\/wp\/v2\/users\/2082"}],"replies":[{"embeddable":true,"href":"https:\/\/isp16-sfe.infd.edu.ar\/sitio\/wp-json\/wp\/v2\/comments?post=1461"}],"version-history":[{"count":1,"href":"https:\/\/isp16-sfe.infd.edu.ar\/sitio\/wp-json\/wp\/v2\/pages\/1461\/revisions"}],"predecessor-version":[{"id":4024,"href":"https:\/\/isp16-sfe.infd.edu.ar\/sitio\/wp-json\/wp\/v2\/pages\/1461\/revisions\/4024"}],"wp:attachment":[{"href":"https:\/\/isp16-sfe.infd.edu.ar\/sitio\/wp-json\/wp\/v2\/media?parent=1461"}],"curies":[{"name":"wp","href":"https:\/\/api.w.org\/{rel}","templated":true}]}}