{"id":1344,"date":"2018-08-31T14:54:15","date_gmt":"2018-08-31T17:54:15","guid":{"rendered":"https:\/\/isp16-sfe.infd.edu.ar\/sitio\/formato-para-planificaciones-2014\/"},"modified":"2020-08-20T19:06:02","modified_gmt":"2020-08-20T22:06:02","slug":"formato-para-planificaciones-2020","status":"publish","type":"page","link":"https:\/\/isp16-sfe.infd.edu.ar\/sitio\/formato-para-planificaciones-2020\/","title":{"rendered":"Formato para Planificaciones 2020"},"content":{"rendered":"<p><img decoding=\"async\" loading=\"lazy\" class=\"wp-image-2069 aligncenter\" src=\"https:\/\/isp16-sfe.infd.edu.ar\/sitio\/wp-content\/uploads\/2020\/08\/MEPLANIFICACION.png\" alt=\"\" width=\"429\" height=\"246\" srcset=\"https:\/\/isp16-sfe.infd.edu.ar\/sitio\/wp-content\/uploads\/2020\/08\/MEPLANIFICACION.png 935w, https:\/\/isp16-sfe.infd.edu.ar\/sitio\/wp-content\/uploads\/2020\/08\/MEPLANIFICACION-768x440.png 768w\" sizes=\"(max-width: 429px) 100vw, 429px\" \/><\/p>\n<p style=\"text-align: center;\"><span style=\"color: #008080;\"><strong>FORMATO PROPUESTO PARA UNIFICAR LA PRESENTACI\u00d3N DE LAS PLANIFICACIONES ANUALES \/ CUATRIMESTRALES<\/strong><\/span><\/p>\n<p>Para configurar la p\u00e1gina se propone:<\/p>\n<ul>\n<li>M\u00e1rgenes: Izquierdo: 2,5 cm., Superior: 2,5 cm., Derecho: 2,5 cm., Inferior: 2,5 cm.<\/li>\n<li>Tama\u00f1o de hoja: A4.<\/li>\n<li>Formato: Normal.<\/li>\n<li>Fuente: Arial o Times New Roman, 11.<\/li>\n<li>Interlineado: 1,5 cm.<\/li>\n<li>Evitar diagramas, cuadros, tablas.<\/li>\n<\/ul>\n<p>&nbsp;<\/p>\n<table border=\"0\" align=\"center\">\n<tbody>\n<tr>\n<td style=\"border: 1px solid #009999; background-color: #ccffff;\"><span style=\"font-size: 12pt;\"><strong>Se entrega una copia en formato papel en la Secretar\u00eda del Instituto y se env\u00eda copia digitalizada al siguiente correo\u00a0<\/strong><a href=\"mailto:planificaciones.isp16@gmail.com\">planificaciones.isp16@gmail.com<\/a><\/span><\/td>\n<\/tr>\n<\/tbody>\n<\/table>\n<hr \/>\n<h4 style=\"text-align: center;\"><strong style=\"color: #000080; font-size: 12pt;\">FORMATO PARA PLANIFICACI\u00d3N ANUAL \/ CUATRIMESTRAL<\/strong><\/h4>\n<p><strong>\u00a0<\/strong><\/p>\n<p style=\"text-align: center;\"><strong>MINISTERIO DE EDUCACI\u00d3N DE LA PROVINCIA DE SANTA FE.<\/strong><\/p>\n<p style=\"text-align: center;\"><strong>SUBSECRETAR\u00cdA DE EDUCACI\u00d3N SUPERIOR<\/strong><\/p>\n<p style=\"text-align: center;\"><strong>INSTITUTO SUPERIOR DEL PROFESORADO N\u00b0 16 \u00abDr. Bernardo A. Houssay\u00bb.<\/strong><\/p>\n<p>&nbsp;<\/p>\n<p style=\"text-align: left;\"><strong>Carrera: Consignar el nombre correcto del Profesorado<\/strong><\/p>\n<ul>\n<li>Profesorado de Educaci\u00f3n Inicial. (Plan Decreto N\u00b0 528\/09 )<\/li>\n<li>Profesorado de Educaci\u00f3n Primaria. (Plan Decreto N\u00b0 529\/09)<\/li>\n<li>Profesorado de Educaci\u00f3n Secundaria en Biolog\u00eda. (Plan Decreto N\u00b0 2090\/15)<\/li>\n<li>Profesorado de Educaci\u00f3n Secundaria en Geograf\u00eda. (Plan Decreto N\u00b0 2090\/15)<\/li>\n<li>Profesorado de Ingl\u00e9s para Educaci\u00f3n Secundaria. (Plan Decreto N\u00b0 0696\/01)<\/li>\n<li>Profesorado de Educaci\u00f3n Especial con orientaci\u00f3n en Ciegos y Disminuidos Visuales. (Plan Decreto N\u00b0 0260\/03)<\/li>\n<li>Profesorado de Educaci\u00f3n Especial con orientaci\u00f3n en Sordos e Hipoac\u00fasicos. (Plan Decreto N\u00b0 0260\/03)<\/li>\n<li>Profesorado de Educaci\u00f3n Especial con orientaci\u00f3n en Discapacidad Intelectual. (Plan Decreto N\u00b0 0260\/03)<\/li>\n<\/ul>\n<p><em>\u00a0<\/em><strong>Profesor\/a: <\/strong>(Nombre y Apellido)<\/p>\n<p><strong>Curso: <\/strong>a\u00f1o, divisi\u00f3n y turno<\/p>\n<p><strong>Ciclo lectivo:\u00a0<\/strong><\/p>\n<h1 style=\"text-align: center;\"><span style=\"font-family: arial, helvetica, sans-serif; font-size: 10pt;\"><em>(Nombre correcto del Espacio \/ Unidad Curricular. Consultar Plan de estudios)<\/em><\/span><\/h1>\n<p><span style=\"font-family: arial, helvetica, sans-serif; font-size: 10pt;\">\u00a0<\/span><strong>FUNDAMENTACI\u00d3N<\/strong><\/p>\n<p><strong>a) Descripci\u00f3n del modo de concebir el espacio curricular<\/strong><\/p>\n<p><strong>b) Funci\u00f3n del espacio \/ unidad curricular en el Plan de estudios<\/strong><em>\u00a0(En especial atender a la articulaci\u00f3n con otros espacios)<\/em><\/p>\n<p>En la fundamentaci\u00f3n, el\/la profesor\/a deber\u00e1 explicitar y desarrollar su posicionamiento en las dimensiones filos\u00f3ficas, pol\u00edticas, ideol\u00f3gicas y pedag\u00f3gicas, que sustentar\u00edan la planificaci\u00f3n de c\u00e1tedra en el marco del dise\u00f1o curricular de la carrera y el contexto de referencia.<\/p>\n<p>Toda propuesta de trabajo docente se fundamentar\u00e1 en un conjunto de reflexiones que le den sentido y orienten el posicionamiento te\u00f3rico e ideol\u00f3gico en vinculaci\u00f3n con la c\u00e1tedra espec\u00edfica. El marco referencial, en este caso, opera no s\u00f3lo a modo de presentaci\u00f3n de la propuesta, sino como una anticipaci\u00f3n del proyecto de trabajo con los\/as estudiantes, en relaci\u00f3n directa con el conocimiento en el marco de la trama institucional.<\/p>\n<p><strong>Esta fundamentaci\u00f3n incluye el posicionamiento desde tres marcos referenciales:<\/strong><\/p>\n<p><strong>1) Marco pol\u00edtico-epistemol\u00f3gico<\/strong>: Toda propuesta de trabajo docente se fundamentar\u00e1 impl\u00edcitamente en una serie de supuestos que le den sost\u00e9n. En una planificaci\u00f3n de c\u00e1tedra es necesario que se visibilicen con claridad el posicionamiento te\u00f3rico e ideol\u00f3gico del espacio curricular, concepci\u00f3n de estudiante, docente, instituci\u00f3n, sociedad.<\/p>\n<p>No hay conocimiento que no sea situado y por lo tanto es siempre epocal. El proyecto deber\u00e1 dar cuenta de la genealog\u00eda de la disciplina; el\/la docente transmite una convenci\u00f3n reconociendo la existencia de otras posibles en el campo disciplinar. Desde una perspectiva epistemol\u00f3gica se interroga acerca de la emergencia de la disciplina, sus v\u00ednculos con otros campos disciplinares y las implicancias de su transmisi\u00f3n.<\/p>\n<p>La planificaci\u00f3n de c\u00e1tedra se deber\u00e1 enmarcar en los principios que orientan la pol\u00edtica educativa provincial y que se plasman en planes, programas y acciones, en vinculaci\u00f3n con las escuelas y\/o instituciones con las que los institutos se relacionan, y en articulaci\u00f3n con el campo disciplinar (PROYECTO POL\u00cdTICO INSTITUCIONAL DEL I.S.P. N\u00b0 16).<\/p>\n<p><strong>2) Marco Curricular<\/strong>: La c\u00e1tedra forma parte de un conjunto de espacios curriculares que un\/a estudiante transita durante su formaci\u00f3n docente inicial. En este sentido es necesario inscribir la c\u00e1tedra en el contexto del dise\u00f1o curricular, en la trama de la articulaci\u00f3n horizontal y vertical con otras unidades y proyectos que atraviesan la instituci\u00f3n, atendiendo a los aportes para la formaci\u00f3n profesional y laboral de los\/las futuros\/as egresados\/as.<\/p>\n<p><strong>3) Marco Did\u00e1ctico<\/strong>: En \u00e9l, se deber\u00e1n explicitar las concepciones did\u00e1cticas que subyacen en las pr\u00e1cticas formativas del Nivel Superior y las acciones que se vinculan desde el posicionamiento epistemol\u00f3gico del campo disciplinar a la construcci\u00f3n de una did\u00e1ctica del nivel para el que se forma. En el plano did\u00e1ctico existen macro decisiones que se han tomado oportunamente para la ense\u00f1anza del espacio curricular, que se articulan con las micro decisiones basadas en las concepciones que subyacen de los procesos de ense\u00f1anza y de aprendizaje, el conocimiento disciplinar a partir de la propia pr\u00e1ctica, la construcci\u00f3n metodol\u00f3gica que se proponga y los modos de aprehender y comunicar las especificidades de cada disciplina.<\/p>\n<p style=\"text-align: left; padding-left: 30px;\"><strong>OBJETIVOS<\/strong><\/p>\n<p>Los objetivos de la c\u00e1tedra (uno general y dos o tres espec\u00edficos) deber\u00e1n expresar la intencionalidad del docente que orienta el proceso de ense\u00f1anza a corto plazo. Los objetivos tratan de mostrar, desde esta \u00f3ptica, qu\u00e9 direcci\u00f3n intenta d\u00e1rsele al proceso \u00e1ulico o en otros t\u00e9rminos, qu\u00e9 ofrece el\/la docente en funci\u00f3n de lo que puede suceder en el aula, en relaci\u00f3n al posicionamiento te\u00f3rico, a la concepci\u00f3n ideol\u00f3gica, a la propuesta metodol\u00f3gica y a los posibles recursos a utilizar. Al enunciar los objetivos, se sugiere considerar los n\u00facleos conceptuales b\u00e1sicos, los principios metodol\u00f3gicos que orientan el proceso de ense\u00f1anza y de aprendizaje y los principios que estructuran la evaluaci\u00f3n en relaci\u00f3n con los criterios de acreditaci\u00f3n de la c\u00e1tedra.<\/p>\n<p style=\"text-align: left; padding-left: 30px;\"><strong>CONTENIDOS<\/strong><\/p>\n<p>El dise\u00f1o curricular prescribe los contenidos de cada espacio y el\/la docente del nivel, la elaboraci\u00f3n de la planificaci\u00f3n de c\u00e1tedra, quien dispondr\u00e1 de autonom\u00eda para su selecci\u00f3n, organizaci\u00f3n (por unidades did\u00e1cticas, bloques, n\u00facleos, ejes problem\u00e1ticos, etc.), secuenciaci\u00f3n, jerarquizaci\u00f3n y problematizaci\u00f3n; explicitando los criterios que se asumir\u00e1n para la realizaci\u00f3n de esta tarea en el contexto de la formaci\u00f3n docente.<\/p>\n<p style=\"text-align: left; padding-left: 30px;\"><strong>METODOLOG\u00cdA<\/strong><\/p>\n<p>Este apartado se trata de un acto creativo y reflexivo, en el que deber\u00e1n articular las l\u00f3gicas del contexto, con las l\u00f3gicas del contenido, y los procesos de subjetivaci\u00f3n, posibilitando la reconstrucci\u00f3n de las pr\u00e1cticas de la ense\u00f1anza situadas en la formaci\u00f3n docente, habilitando m\u00faltiples lenguajes y la incorporaci\u00f3n sustantiva de las tecnolog\u00edas de la informaci\u00f3n y la comunicaci\u00f3n, en atenci\u00f3n a las diversas trayectorias formativas.<\/p>\n<p style=\"text-align: left; padding-left: 30px;\"><strong>EVALUACI\u00d3N<\/strong><\/p>\n<p>La evaluaci\u00f3n, como pr\u00e1ctica en el marco del proceso de ense\u00f1anza y el de aprendizaje, requiere definir el enfoque desde el que se posiciona, explicitando criterios, modos, instrumentos y\/o momentos que guardar\u00e1n coherencia con los otros componentes curriculares de la planificaci\u00f3n de c\u00e1tedra, atendiendo a las prescripciones del dise\u00f1o curricular y de los marcos normativos acad\u00e9micos (RAM y RAI).<\/p>\n<p style=\"text-align: left; padding-left: 30px;\"><strong>BIBLIOGRAF\u00cdA<\/strong><\/p>\n<p><strong>Bibliograf\u00eda del estudiante:<\/strong> En este punto, se deber\u00e1n explicitar los materiales seleccionados por el\/la docente en la planificaci\u00f3n de c\u00e1tedra, considerados indispensables en el recorrido formativo del\/la estudiante, respetando las normas APA.<\/p>\n<p><strong>Bibliograf\u00eda del docente y general:<\/strong> Al final del proyecto de c\u00e1tedra deber\u00e1n listarse las referencias, lista completa de los documentos a los que remitir\u00e1n las citas contenidas en el mismo y bibliograf\u00eda de autor, sin omitir ninguna obra consultada y ajust\u00e1ndose a las normas APA.<\/p>\n","protected":false},"excerpt":{"rendered":"<p>FORMATO PROPUESTO PARA UNIFICAR LA PRESENTACI\u00d3N DE LAS PLANIFICACIONES ANUALES \/ CUATRIMESTRALES Para configurar la p\u00e1gina se propone: M\u00e1rgenes: Izquierdo: 2,5 cm., Superior: 2,5 cm., Derecho: 2,5 cm., Inferior: 2,5 cm. Tama\u00f1o de hoja: A4. Formato: Normal. Fuente: Arial o Times New Roman, 11. Interlineado: 1,5 cm. Evitar diagramas, cuadros, tablas. &nbsp; Se entrega una &#8230; <a title=\"Formato para Planificaciones 2020\" class=\"read-more\" href=\"https:\/\/isp16-sfe.infd.edu.ar\/sitio\/formato-para-planificaciones-2020\/\" aria-label=\"More on Formato para Planificaciones 2020\">[+]<\/a><\/p>\n","protected":false},"author":2082,"featured_media":0,"parent":0,"menu_order":0,"comment_status":"closed","ping_status":"closed","template":"","meta":[],"acf":[],"_links":{"self":[{"href":"https:\/\/isp16-sfe.infd.edu.ar\/sitio\/wp-json\/wp\/v2\/pages\/1344"}],"collection":[{"href":"https:\/\/isp16-sfe.infd.edu.ar\/sitio\/wp-json\/wp\/v2\/pages"}],"about":[{"href":"https:\/\/isp16-sfe.infd.edu.ar\/sitio\/wp-json\/wp\/v2\/types\/page"}],"author":[{"embeddable":true,"href":"https:\/\/isp16-sfe.infd.edu.ar\/sitio\/wp-json\/wp\/v2\/users\/2082"}],"replies":[{"embeddable":true,"href":"https:\/\/isp16-sfe.infd.edu.ar\/sitio\/wp-json\/wp\/v2\/comments?post=1344"}],"version-history":[{"count":7,"href":"https:\/\/isp16-sfe.infd.edu.ar\/sitio\/wp-json\/wp\/v2\/pages\/1344\/revisions"}],"predecessor-version":[{"id":2073,"href":"https:\/\/isp16-sfe.infd.edu.ar\/sitio\/wp-json\/wp\/v2\/pages\/1344\/revisions\/2073"}],"wp:attachment":[{"href":"https:\/\/isp16-sfe.infd.edu.ar\/sitio\/wp-json\/wp\/v2\/media?parent=1344"}],"curies":[{"name":"wp","href":"https:\/\/api.w.org\/{rel}","templated":true}]}}