{"id":1342,"date":"2018-08-31T14:54:15","date_gmt":"2018-08-31T17:54:15","guid":{"rendered":"https:\/\/isp16-sfe.infd.edu.ar\/sitio\/homologaciones\/"},"modified":"2026-03-31T13:35:45","modified_gmt":"2026-03-31T16:35:45","slug":"homologaciones","status":"publish","type":"page","link":"https:\/\/isp16-sfe.infd.edu.ar\/sitio\/homologaciones\/","title":{"rendered":"Homologaciones"},"content":{"rendered":"<p style=\"text-align: center;\"><strong><span style=\"text-decoration: underline;\">PRESENTACI\u00d3N:<\/span><\/strong><\/p>\n<p style=\"text-align: center;\">Pr\u00f3ximamente Novedades<\/p>\n<p style=\"text-align: right;\">\n<hr \/>\n<p style=\"text-align: center;\">\n<p style=\"text-align: center;\"><span style=\"color: #000080;\"><strong><span style=\"font-size: 14pt;\">Reglamento Acad\u00e9mico Marco de Institutos Superiores<\/span><\/strong><\/span><\/p>\n<p style=\"text-align: center;\"><span style=\"color: #000080;\"><strong><span style=\"font-size: 14pt;\">(Decreto N\u00ba 4199\/15)<\/span><\/strong><\/span><\/p>\n<p><span style=\"color: #000000; font-size: 12pt;\">\u00a0<\/span><\/p>\n<p style=\"text-align: justify;\"><strong><span style=\"font-size: 10pt;\">\u00a0<\/span><\/strong><span style=\"font-family: arial, helvetica, sans-serif; font-size: 10pt;\">Capitulo 6: \u00abDe las Homlogaciones\u00bb<\/span><\/p>\n<div>\n<div><span style=\"font-family: arial, helvetica, sans-serif; font-size: 10pt;\">Art 52. Ser\u00e1n de aplicaci\u00f3n las normas de este Cap\u00edtulo a los casos de estudiantes de Nivel Superior, sea \u00e9ste universitario o no universitario, que hayan aprobado Unidades Curriculares en carreras distintas, o de una misma carrera con distinto Plan de estudio\/Dise\u00f1o Curricular a la que pretende destinar la homologaci\u00f3n.<\/span><\/div>\n<\/div>\n<p><span style=\"font-family: arial, helvetica, sans-serif; font-size: 10pt;\">\u00a0<\/span><\/p>\n<div>\n<div><span style=\"font-family: arial, helvetica, sans-serif; font-size: 10pt;\">Art. 53: Se homologar\u00e1 en forma directa todas las Unidades Curriculares pertenecientes al Campo de la Formaci\u00f3n General de las Carreras de Profesorados elaborados de acuerdo a los Lineamientos emanados de Consejo Federal seg\u00fan la resoluci\u00f3n N\u00b0 24\/07 como as\u00ed tambi\u00e9n todas las Unidades Curriculares pertenecientes al Campo de la Formaci\u00f3n General de las Carreras de Tecnicaturas Superiores de una misma Familia profesional de acuerdo a los Lineamientos de las Resoluciones del Consejo Federal 470\/8, 209\/1.3, 229\/14, incluidas las Unidades Curriculares de Contenidos Variables\u00a0<\/span><\/div>\n<div><span style=\"font-family: arial, helvetica, sans-serif; font-size: 10pt;\">(UCCV).<\/span><\/div>\n<\/div>\n<p><span style=\"font-family: arial, helvetica, sans-serif; font-size: 10pt;\">Art. 54: El criterio a aplicarse ser\u00e1 el de la vigencia de Ios contenidos, y de la bibliograf\u00eda,\u00a0y no el de su antig\u00fcedad.<\/span><\/p>\n<div>\n<div><span style=\"font-family: arial, helvetica, sans-serif; font-size: 10pt;\">Art. 55: Podr\u00e1n concederse homologaciones parciales, en su case se deber\u00e1n indicar\u00a0claramente, en el RAI, los pasos a seguir y requisitos a cumplimentar por parte del\u00a0solicitante.<\/span><\/div>\n<div><span style=\"font-family: arial, helvetica, sans-serif; font-size: 10pt;\">Art. 56: El procedimiento para la homologaci\u00f3n ser\u00e1 establecido por cada Instituto en su\u00a0RAI, garantizando la consulta al docente responsable de la Unidad Curricular y la intervenci\u00f3n del Consejo Institucional.<\/span><\/div>\n<\/div>\n<p><span style=\"font-family: arial, helvetica, sans-serif; font-size: 10pt;\">\u00a0Art. 57: Los pedidos de homologaciones ser\u00e1n presentados por los estudiantes durante el periodo que anualmente fije el calendario jurisdiccional.\u00a0(DECRETO 4199\/15)<\/span><\/p>\n<p><span style=\"font-family: arial, helvetica, sans-serif; font-size: 10pt;\">\u00a0<\/span><strong><span style=\"font-family: arial, helvetica, sans-serif; font-size: 10pt;\">Para la obtenci\u00f3n de HOMOLOGACIONES se proceder\u00e1 de la siguiente manera:<\/span><\/strong><\/p>\n<ul>\n<li style=\"text-align: justify;\"><span style=\"font-family: arial, helvetica, sans-serif; font-size: 10pt;\">Todo estudiante podr\u00e1 solicitar el reconocimiento de homologaciones de unidades curriculares y \/ o espacios curriculares que integren el plan de estudios de la carrera que cursa. La homologaci\u00f3n se solicita a partir de unidades y \/ o espacios curriculares que hayan sido aprobados en la misma o en otra carrera de una instituci\u00f3n de educaci\u00f3n superior.<\/span><\/li>\n<li style=\"text-align: justify;\"><span style=\"font-family: arial, helvetica, sans-serif; font-size: 10pt;\">Las equivalencias podr\u00e1n solicitarse hasta 45 d\u00edas despu\u00e9s de haberse iniciado el dictado de la unidad curricular y \/ o espacio curricular.<\/span><\/li>\n<li style=\"text-align: justify;\"><span style=\"font-family: arial, helvetica, sans-serif; font-size: 10pt;\">El tr\u00e1mite se presentar\u00e1 en Secretar\u00eda con la documentaci\u00f3n de respaldo debidamente autenticada. Para tal fin el estudiante deber\u00e1:<\/span><\/li>\n<\/ul>\n<p style=\"text-align: justify; padding-left: 90px;\"><span style=\"font-family: arial, helvetica, sans-serif; font-size: 10pt;\">a- Dirigir nota-solicitud al Director\/a de la Instituci\u00f3n.<\/span><\/p>\n<p style=\"text-align: justify; padding-left: 90px;\"><span style=\"font-family: arial, helvetica, sans-serif; font-size: 10pt;\">b- Acompa\u00f1ar documento original y fotocopia expedida por la Instituci\u00f3n correspondiente con las unidades curriculares y \/ o espacios curriculares aprobadas.<\/span><\/p>\n<p style=\"text-align: justify; padding-left: 90px;\"><span style=\"font-family: arial, helvetica, sans-serif; font-size: 10pt;\">c- Adjuntar los programas anal\u00edticos autenticados de las referidas unidades curriculares y \/ o espacios curriculares.<\/span><\/p>\n<p style=\"text-align: justify; padding-left: 90px;\"><span style=\"font-family: arial, helvetica, sans-serif; font-size: 10pt;\">d- En el caso de estudios realizados en el exterior, deber\u00e1n realizar el tr\u00e1mite para su reconocimiento, en el Departamento de Validez Nacional de T\u00edtulos y Estudios del Ministerio de Educaci\u00f3n de la Naci\u00f3n.<\/span><\/p>\n<p style=\"text-align: justify; padding-left: 90px;\"><span style=\"font-family: arial, helvetica, sans-serif; font-size: 10pt;\">e- Mientras dure el tr\u00e1mite el estudiante debe cursar el espacio curricular en el que ha solicitado la aprobaci\u00f3n por homologaci\u00f3n.<\/span><\/p>\n<ul>\n<li style=\"text-align: justify;\"><span style=\"font-family: arial, helvetica, sans-serif; font-size: 10pt;\">Las homologaciones podr\u00e1n darse de manera parcial o total seg\u00fan lo defina el docente responsable de la unidad curricular y \/ o espacio curricular en virtud del an\u00e1lisis de la documentaci\u00f3n presentada en relaci\u00f3n a la propuesta acad\u00e9mica de la unidad curricular y \/ o espacio curricular.<\/span><\/li>\n<li style=\"text-align: justify;\"><span style=\"font-family: arial, helvetica, sans-serif; font-size: 10pt;\">Los estudiantes podr\u00e1n solicitar hasta el 45% del total de unidades curriculares y \/ o espacios curriculares de la carrera que se cursa.<\/span><\/li>\n<li style=\"text-align: justify;\"><span style=\"font-family: arial, helvetica, sans-serif; font-size: 10pt;\">En toda homologaci\u00f3n parcial, aquellos contenidos no acreditados por la misma, ser\u00e1n evaluados en turnos de ex\u00e1menes; puede optarse -con acuerdo del docente- evaluar los mismos en los turnos de julio o en los turnos de diciembre. Los estudiantes que opten por el turno de julio y desaprueben esa instancia de evaluaci\u00f3n podr\u00e1n incorporarse al cursado del espacio curricular y acreditarlo bajo otras condiciones previstas en el presente reglamento.<\/span><\/li>\n<\/ul>\n<p><span style=\"font-family: arial, helvetica, sans-serif; font-size: 10pt;\">\u00a0<\/span><\/p>\n","protected":false},"excerpt":{"rendered":"<p>PRESENTACI\u00d3N: Pr\u00f3ximamente Novedades Reglamento Acad\u00e9mico Marco de Institutos Superiores (Decreto N\u00ba 4199\/15) \u00a0 \u00a0Capitulo 6: \u00abDe las Homlogaciones\u00bb Art 52. Ser\u00e1n de aplicaci\u00f3n las normas de este Cap\u00edtulo a los casos de estudiantes de Nivel Superior, sea \u00e9ste universitario o no universitario, que hayan aprobado Unidades Curriculares en carreras distintas, o de una misma carrera &#8230; <a title=\"Homologaciones\" class=\"read-more\" href=\"https:\/\/isp16-sfe.infd.edu.ar\/sitio\/homologaciones\/\" aria-label=\"More on Homologaciones\">[+]<\/a><\/p>\n","protected":false},"author":2082,"featured_media":0,"parent":0,"menu_order":0,"comment_status":"closed","ping_status":"closed","template":"","meta":[],"acf":[],"_links":{"self":[{"href":"https:\/\/isp16-sfe.infd.edu.ar\/sitio\/wp-json\/wp\/v2\/pages\/1342"}],"collection":[{"href":"https:\/\/isp16-sfe.infd.edu.ar\/sitio\/wp-json\/wp\/v2\/pages"}],"about":[{"href":"https:\/\/isp16-sfe.infd.edu.ar\/sitio\/wp-json\/wp\/v2\/types\/page"}],"author":[{"embeddable":true,"href":"https:\/\/isp16-sfe.infd.edu.ar\/sitio\/wp-json\/wp\/v2\/users\/2082"}],"replies":[{"embeddable":true,"href":"https:\/\/isp16-sfe.infd.edu.ar\/sitio\/wp-json\/wp\/v2\/comments?post=1342"}],"version-history":[{"count":8,"href":"https:\/\/isp16-sfe.infd.edu.ar\/sitio\/wp-json\/wp\/v2\/pages\/1342\/revisions"}],"predecessor-version":[{"id":4665,"href":"https:\/\/isp16-sfe.infd.edu.ar\/sitio\/wp-json\/wp\/v2\/pages\/1342\/revisions\/4665"}],"wp:attachment":[{"href":"https:\/\/isp16-sfe.infd.edu.ar\/sitio\/wp-json\/wp\/v2\/media?parent=1342"}],"curies":[{"name":"wp","href":"https:\/\/api.w.org\/{rel}","templated":true}]}}