{"id":1340,"date":"2018-08-31T14:54:14","date_gmt":"2018-08-31T17:54:14","guid":{"rendered":"https:\/\/isp16-sfe.infd.edu.ar\/sitio\/adscripciones\/"},"modified":"2026-03-31T11:26:07","modified_gmt":"2026-03-31T14:26:07","slug":"adscripciones","status":"publish","type":"page","link":"https:\/\/isp16-sfe.infd.edu.ar\/sitio\/adscripciones\/","title":{"rendered":"Adscripciones"},"content":{"rendered":"<h3><a href=\"https:\/\/isp16-sfe.infd.edu.ar\/sitio\/requisitos\/\"><span style=\"color: #0000ff;\">Requisitos<\/span><\/a><\/h3>\n<h3><span style=\"color: #0000ff;\">Descargas<\/span><\/h3>\n<ul>\n<li><a href=\"https:\/\/isp16-sfe.infd.edu.ar\/sitio\/wp-content\/uploads\/2026\/03\/Solicitud-inscripcion-ADSCRIPCION-ISP-No-16-Ano-2026.docx\">Solicitud Inscripci\u00f3n ADSCRIPCI\u00d3N &#8211; ISP N\u00ba 16 &#8211; A\u00f1o 2026<\/a><\/li>\n<li><a href=\"https:\/\/isp16-sfe.infd.edu.ar\/sitio\/wp-content\/uploads\/2023\/03\/REGIMEN-DE-ADSCRIPCIONES-ISP-No-16.pdf\">Reglamento de adscripciones ISP N\u00b0 16<\/a><\/li>\n<li><a href=\"https:\/\/isp16-sfe.infd.edu.ar\/sitio\/wp-content\/uploads\/2023\/03\/RAI-ISP-N\u00b016.pdf\">Reglamento Acad\u00e9mico Institucional<\/a><\/li>\n<li><a href=\"https:\/\/isp16-sfe.infd.edu.ar\/sitio\/reglamento-academico-marco-decreto-4199-15\/\">Reglamento Acad\u00e9mico Marco<\/a><\/li>\n<\/ul>\n<h4><strong>Para enviar documentaci\u00f3n y consultas escribir al siguiente mail:<\/strong><\/h4>\n<h4><strong><a href=\"mailto:adscripciones.isp16@gmail.com\" target=\"_blank\" rel=\"noopener\">adscripciones.isp16@gmail.com<\/a><br \/>\n<\/strong><\/h4>\n<h4>Entrega de documentaci\u00f3n, hasta el \u00faltimo d\u00eda h\u00e1bil de Abril<\/h4>\n<h5><a href=\"https:\/\/isp16-sfe.infd.edu.ar\/sitio\/trabajos-realizados\/\"><span style=\"color: #0000ff;\">Trabajos realizados<\/span><\/a><\/h5>\n<h5 style=\"text-align: center;\"><\/h5>\n<div style=\"text-align: center;\"><span style=\"font-size: 12pt;\"><strong>\u00a0<\/strong><\/span><\/div>\n<div style=\"text-align: center;\"><span style=\"font-size: 12pt;\"><strong>\u00a0<\/strong><\/span><\/div>\n<div style=\"text-align: center;\"><span style=\"font-size: 12pt;\"><strong>\u00a0<\/strong><\/span><\/div>\n<div style=\"text-align: center;\"><span style=\"font-size: 12pt;\"><strong>\u00a0<\/strong><\/span><\/div>\n<div style=\"text-align: center;\"><span style=\"font-size: 12pt;\"><strong>\u00a0<\/strong><\/span><\/div>\n<div style=\"text-align: center;\"><span style=\"font-size: 12pt;\"><strong>\u00a0<\/strong><\/span><\/div>\n<div style=\"text-align: center;\"><span style=\"font-size: 12pt;\"><strong>\u00a0<\/strong><\/span><\/div>\n<div style=\"text-align: center;\"><span style=\"font-size: 12pt;\"><strong>\u00a0<\/strong><\/span><\/div>\n<div style=\"text-align: center;\"><span style=\"font-size: 12pt;\"><strong>\u00a0<\/strong><\/span><\/div>\n<div style=\"text-align: center;\"><span style=\"font-size: 12pt;\"><strong>\u00a0<\/strong><\/span><\/div>\n<div style=\"text-align: center;\"><span style=\"font-size: 12pt;\"><strong>\u00a0<\/strong><\/span><\/div>\n<div style=\"text-align: center;\"><span style=\"font-size: 12pt;\"><strong>\u00a0<\/strong><\/span><\/div>\n","protected":false},"excerpt":{"rendered":"<p>Requisitos Descargas Solicitud Inscripci\u00f3n ADSCRIPCI\u00d3N &#8211; ISP N\u00ba 16 &#8211; A\u00f1o 2026 Reglamento de adscripciones ISP N\u00b0 16 Reglamento Acad\u00e9mico Institucional Reglamento Acad\u00e9mico Marco Para enviar documentaci\u00f3n y consultas escribir al siguiente mail: adscripciones.isp16@gmail.com Entrega de documentaci\u00f3n, hasta el \u00faltimo d\u00eda h\u00e1bil de Abril Trabajos realizados \u00a0 \u00a0 \u00a0 \u00a0 \u00a0 \u00a0 \u00a0 \u00a0 \u00a0 &#8230; <a title=\"Adscripciones\" class=\"read-more\" href=\"https:\/\/isp16-sfe.infd.edu.ar\/sitio\/adscripciones\/\" aria-label=\"More on Adscripciones\">[+]<\/a><\/p>\n","protected":false},"author":2082,"featured_media":0,"parent":0,"menu_order":0,"comment_status":"closed","ping_status":"closed","template":"","meta":[],"acf":[],"_links":{"self":[{"href":"https:\/\/isp16-sfe.infd.edu.ar\/sitio\/wp-json\/wp\/v2\/pages\/1340"}],"collection":[{"href":"https:\/\/isp16-sfe.infd.edu.ar\/sitio\/wp-json\/wp\/v2\/pages"}],"about":[{"href":"https:\/\/isp16-sfe.infd.edu.ar\/sitio\/wp-json\/wp\/v2\/types\/page"}],"author":[{"embeddable":true,"href":"https:\/\/isp16-sfe.infd.edu.ar\/sitio\/wp-json\/wp\/v2\/users\/2082"}],"replies":[{"embeddable":true,"href":"https:\/\/isp16-sfe.infd.edu.ar\/sitio\/wp-json\/wp\/v2\/comments?post=1340"}],"version-history":[{"count":17,"href":"https:\/\/isp16-sfe.infd.edu.ar\/sitio\/wp-json\/wp\/v2\/pages\/1340\/revisions"}],"predecessor-version":[{"id":4663,"href":"https:\/\/isp16-sfe.infd.edu.ar\/sitio\/wp-json\/wp\/v2\/pages\/1340\/revisions\/4663"}],"wp:attachment":[{"href":"https:\/\/isp16-sfe.infd.edu.ar\/sitio\/wp-json\/wp\/v2\/media?parent=1340"}],"curies":[{"name":"wp","href":"https:\/\/api.w.org\/{rel}","templated":true}]}}