{"id":1311,"date":"2018-08-31T14:54:03","date_gmt":"2018-08-31T17:54:03","guid":{"rendered":"https:\/\/isp16-sfe.infd.edu.ar\/sitio\/encuentro-%c2%93fortalecimiento-digital-de-la-ensenanza-de-biologia-y-geografia-con-escuelas-secundarias-asociadas%c2%94\/"},"modified":"2018-08-31T14:54:03","modified_gmt":"2018-08-31T17:54:03","slug":"encuentro-%c2%93fortalecimiento-digital-de-la-ensenanza-de-biologia-y-geografia-con-escuelas-secundarias-asociadas%c2%94","status":"publish","type":"page","link":"https:\/\/isp16-sfe.infd.edu.ar\/sitio\/encuentro-%c2%93fortalecimiento-digital-de-la-ensenanza-de-biologia-y-geografia-con-escuelas-secundarias-asociadas%c2%94\/","title":{"rendered":"Encuentro ?Fortalecimiento Digital de la Ense\u00f1anza de Biolog\u00eda y Geograf\u00eda con Escuelas Secundarias Asociadas?"},"content":{"rendered":"<p>El martes 22\/05\/2012 en el Sal&oacute;n de Actos se realiz&oacute; un Encuentro con profesores y alumnos de los Profesorados de Geograf&iacute;a y Biolog&iacute;a y directores, vicedirectores y profesores de escuela asociadas para dar cumplimiento al PMI 2010, &nbsp;<strong>&ldquo;Fortalecimiento Digital de la Ense&ntilde;anza de Biolog&iacute;a y Geograf&iacute;a con Escuelas Secundarias Asociadas&rdquo;<\/strong>. En la oportunidad se hizo entrega de 2000 cuadernillos para alumnos y m&aacute;s de 300 cuadernillos para docentes de escuelas secundarias de Rosario, confeccionados por docentes y alumnos del Instituto. Los cuadernillos desarrollan las tem&aacute;ticas solicitadas por las escuelas de ense&ntilde;anza media para trabajar en aula con NTICs.: <strong>&ldquo;La educaci&oacute;n sexual Integral&rdquo;<\/strong> y &ldquo;<strong>Estudio Geogr&aacute;fico de las &aacute;reas urbanas. La ciudad de Rosario&rdquo;<\/strong>.<\/p>\n<p>Durante el encuentro el Director Prof. Losada, inform&oacute; el significado y las actividades promovidas por los PMI en la Instituci&oacute;n y agradeci&oacute; el trabajo &nbsp;realizado por Jefes, profesores y alumnos con docentes de las escuelas destino en el PMI 2010-2011.<\/p>\n<p>La Prof. Estrella Matt&iacute;a (Jefa del Departamento de Extensi&oacute;n) coordinadora de la ejecuci&oacute;n del Proyecto y autora del cuadernillo de &ldquo;ESI&rdquo; para docentes, destac&oacute; la colaboraci&oacute;n recibida de las escuelas, muy especialmente, en la co-formaci&oacute;n de los alumnos de los profesorados. La Prof. Alicia Milevcich (Jefa de la Secci&oacute;n Geograf&iacute;a), hizo referencia al cuadernillo de&nbsp; Geograf&iacute;a para docentes, elaborado con la Prof. Mar&iacute;a Adriana Miloslavich, en el que se aborda la problem&aacute;tica urbana de Rosario, en particular, de la zona ribere&ntilde;a. La Prof. Nilda Gastiasoro (Ex Jefa de la Secci&oacute;n Geograf&iacute;a y compiladora de los cuadernillos de &ldquo;ESI&rdquo;) aludi&oacute; al trabajo realizado y destac&oacute; la colaboraci&oacute;n de las ex &#8211; alumnas, ahora profesoras: Antonela Romano y Roc&iacute;o Salvatore. Posteriormente habl&oacute; de la experiencia la Prof. Marta Crivelli, qui&eacute;n junto a la ex Jefa del Departamento de Geograf&iacute;a, Prof. Alba Boschetti, fueron las responsables del cuadernillo de Geograf&iacute;a para los alumnos del secundario, que tuvo un importante aporte de los estudiantes del 4to de Geograf&iacute;a, finalmente, habl&oacute; en su nombre, &nbsp;la alumna Silvina E. Rodr&iacute;guez.<\/p>\n<p>&nbsp;<img decoding=\"async\" style=\"display: block; margin-left: auto; margin-right: auto;\" src=\"https:\/\/isp16-sfe.infd.edu.ar\/sitio\/wp-content\/uploads\/2018\/08\/Encuentro_001.jpg\" border=\"0\" alt=\"01\" title=\"01\"><\/p>\n<p><span style=\"color: #ffffff;\">.<\/span><\/p>\n<p><img decoding=\"async\" style=\"display: block; margin-left: auto; margin-right: auto;\" src=\"https:\/\/isp16-sfe.infd.edu.ar\/sitio\/wp-content\/uploads\/2018\/08\/Encuentro_002.jpg\" border=\"0\" alt=\"02\" title=\"02\"><\/p>\n<p><span style=\"color: #ffffff;\">.<\/span><\/p>\n<p><img decoding=\"async\" style=\"display: block; margin-left: auto; margin-right: auto;\" src=\"https:\/\/isp16-sfe.infd.edu.ar\/sitio\/wp-content\/uploads\/2018\/08\/Encuentro_003_1.jpg\" border=\"0\" alt=\"03\" title=\"03\"><\/p>\n<p><span style=\"color: #ffffff;\">.<\/span><\/p>\n<p><img decoding=\"async\" style=\"display: block; margin-left: auto; margin-right: auto;\" src=\"https:\/\/isp16-sfe.infd.edu.ar\/sitio\/wp-content\/uploads\/2018\/08\/Encuentro_004.jpg\" border=\"0\" alt=\"04\" title=\"04\"><\/p>\n<p>&nbsp;<\/p>\n<p>&nbsp;<\/p>\n<p>&nbsp;<\/p>\n<p>&nbsp;<\/p>\n<p>&nbsp;<\/p>\n<p>&nbsp;<\/p>\n<p>&nbsp;<\/p>\n<p>&nbsp;<\/p><\/p>\n","protected":false},"excerpt":{"rendered":"<p>El martes 22\/05\/2012 en el Sal&oacute;n de Actos se realiz&oacute; un Encuentro con profesores y alumnos de los Profesorados de Geograf&iacute;a y Biolog&iacute;a y directores, vicedirectores y profesores de escuela asociadas para dar cumplimiento al PMI 2010, &nbsp;&ldquo;Fortalecimiento Digital de la Ense&ntilde;anza de Biolog&iacute;a y Geograf&iacute;a con Escuelas Secundarias Asociadas&rdquo;. En la oportunidad se hizo &#8230; <a title=\"Encuentro ?Fortalecimiento Digital de la Ense\u00f1anza de Biolog\u00eda y Geograf\u00eda con Escuelas Secundarias Asociadas?\" class=\"read-more\" href=\"https:\/\/isp16-sfe.infd.edu.ar\/sitio\/encuentro-%c2%93fortalecimiento-digital-de-la-ensenanza-de-biologia-y-geografia-con-escuelas-secundarias-asociadas%c2%94\/\" aria-label=\"More on Encuentro ?Fortalecimiento Digital de la Ense\u00f1anza de Biolog\u00eda y Geograf\u00eda con Escuelas Secundarias Asociadas?\">[+]<\/a><\/p>\n","protected":false},"author":2082,"featured_media":0,"parent":0,"menu_order":0,"comment_status":"closed","ping_status":"closed","template":"","meta":[],"acf":[],"_links":{"self":[{"href":"https:\/\/isp16-sfe.infd.edu.ar\/sitio\/wp-json\/wp\/v2\/pages\/1311"}],"collection":[{"href":"https:\/\/isp16-sfe.infd.edu.ar\/sitio\/wp-json\/wp\/v2\/pages"}],"about":[{"href":"https:\/\/isp16-sfe.infd.edu.ar\/sitio\/wp-json\/wp\/v2\/types\/page"}],"author":[{"embeddable":true,"href":"https:\/\/isp16-sfe.infd.edu.ar\/sitio\/wp-json\/wp\/v2\/users\/2082"}],"replies":[{"embeddable":true,"href":"https:\/\/isp16-sfe.infd.edu.ar\/sitio\/wp-json\/wp\/v2\/comments?post=1311"}],"version-history":[{"count":0,"href":"https:\/\/isp16-sfe.infd.edu.ar\/sitio\/wp-json\/wp\/v2\/pages\/1311\/revisions"}],"wp:attachment":[{"href":"https:\/\/isp16-sfe.infd.edu.ar\/sitio\/wp-json\/wp\/v2\/media?parent=1311"}],"curies":[{"name":"wp","href":"https:\/\/api.w.org\/{rel}","templated":true}]}}