{"id":1106,"date":"2018-08-31T14:52:48","date_gmt":"2018-08-31T17:52:48","guid":{"rendered":"https:\/\/isp16-sfe.infd.edu.ar\/sitio\/documentos-normativas-y-disposiciones\/"},"modified":"2025-03-05T09:51:19","modified_gmt":"2025-03-05T12:51:19","slug":"documentos-normativas-y-disposiciones","status":"publish","type":"page","link":"https:\/\/isp16-sfe.infd.edu.ar\/sitio\/documentos-normativas-y-disposiciones\/","title":{"rendered":"Documentos, Normativas y Disposiciones"},"content":{"rendered":"<p style=\"text-align: center;\"><span style=\"color: #000080; font-size: 14pt;\">Circulares, Normativas y Disposiciones<\/span><\/p>\n<h1 style=\"text-align: center;\">Profesorado de Biolog\u00eda<\/h1>\n<p><a href=\"https:\/\/isp16-sfe.infd.edu.ar\/sitio\/wp-content\/uploads\/2020\/10\/Res-982-17-Did\u00e1ctica-Especifica-formato-taller-en-2719-y-2090.pdf\">Res-982-17-Did\u00e1ctica-Especifica-formato-taller-en-2719-y-2090<\/a><\/p>\n<p style=\"text-align: center;\"><img decoding=\"async\" loading=\"lazy\" src=\"https:\/\/isp16-sfe.infd.edu.ar\/sitio\/wp-content\/uploads\/2018\/08\/Circulares.jpg\" width=\"248\" height=\"306\" border=\"0\" \/><\/p>\n<h3 style=\"text-align: center;\">DISPOSICI\u00d3N N\u00ba 113 \/24<\/h3>\n<p style=\"text-align: center;\"><a href=\"https:\/\/isp16-sfe.infd.edu.ar\/sitio\/wp-content\/uploads\/2025\/03\/DISPOSICION_113_2024.pdf\">DISPOSICI\u00d3N N\u00ba 113 \/24<\/a><\/p>\n<p><img decoding=\"async\" loading=\"lazy\" class=\"aligncenter\" src=\"https:\/\/isp16-sfe.infd.edu.ar\/sitio\/wp-content\/uploads\/2018\/08\/Circulares.jpg\" width=\"248\" height=\"306\" border=\"0\" \/><\/p>\n","protected":false},"excerpt":{"rendered":"<p>Circulares, Normativas y Disposiciones Profesorado de Biolog\u00eda Res-982-17-Did\u00e1ctica-Especifica-formato-taller-en-2719-y-2090 DISPOSICI\u00d3N N\u00ba 113 \/24 DISPOSICI\u00d3N N\u00ba 113 \/24<\/p>\n","protected":false},"author":2082,"featured_media":0,"parent":0,"menu_order":0,"comment_status":"closed","ping_status":"closed","template":"","meta":[],"acf":[],"_links":{"self":[{"href":"https:\/\/isp16-sfe.infd.edu.ar\/sitio\/wp-json\/wp\/v2\/pages\/1106"}],"collection":[{"href":"https:\/\/isp16-sfe.infd.edu.ar\/sitio\/wp-json\/wp\/v2\/pages"}],"about":[{"href":"https:\/\/isp16-sfe.infd.edu.ar\/sitio\/wp-json\/wp\/v2\/types\/page"}],"author":[{"embeddable":true,"href":"https:\/\/isp16-sfe.infd.edu.ar\/sitio\/wp-json\/wp\/v2\/users\/2082"}],"replies":[{"embeddable":true,"href":"https:\/\/isp16-sfe.infd.edu.ar\/sitio\/wp-json\/wp\/v2\/comments?post=1106"}],"version-history":[{"count":2,"href":"https:\/\/isp16-sfe.infd.edu.ar\/sitio\/wp-json\/wp\/v2\/pages\/1106\/revisions"}],"predecessor-version":[{"id":4123,"href":"https:\/\/isp16-sfe.infd.edu.ar\/sitio\/wp-json\/wp\/v2\/pages\/1106\/revisions\/4123"}],"wp:attachment":[{"href":"https:\/\/isp16-sfe.infd.edu.ar\/sitio\/wp-json\/wp\/v2\/media?parent=1106"}],"curies":[{"name":"wp","href":"https:\/\/api.w.org\/{rel}","templated":true}]}}