{"id":1104,"date":"2018-08-31T14:52:48","date_gmt":"2018-08-31T17:52:48","guid":{"rendered":"https:\/\/isp16-sfe.infd.edu.ar\/sitio\/biblioteca-2\/"},"modified":"2024-04-10T15:03:36","modified_gmt":"2024-04-10T18:03:36","slug":"biblioteca-2","status":"publish","type":"page","link":"https:\/\/isp16-sfe.infd.edu.ar\/sitio\/biblioteca-2\/","title":{"rendered":"Biblioteca"},"content":{"rendered":"<p class=\"MsoNormal\" style=\"margin: 0cm 0cm 0pt; line-height: 150%; text-align: center;\"><span style=\"font-family: Verdana; color: #000080;\"><span style=\"line-height: 22px; font-size: 15px;\"><strong><img decoding=\"async\" loading=\"lazy\" title=\"Biblioteca\" src=\"https:\/\/isp16-sfe.infd.edu.ar\/sitio\/wp-content\/uploads\/2018\/08\/Biblioteca.jpg\" alt=\"Biblioteca\" width=\"176\" height=\"231\" border=\"0\" \/><\/strong><\/span><\/span><\/p>\n<p class=\"MsoNormal\" style=\"margin: 0cm 0cm 0pt; line-height: 150%; text-align: center;\"><span style=\"font-family: Verdana; color: #000080;\"><span style=\"line-height: 22px; font-size: 15px;\"><strong>\u00a0<\/strong><\/span><\/span><\/p>\n<p class=\"MsoNormal\" style=\"margin: 0cm 0cm 0pt; line-height: 150%; text-align: center;\"><span style=\"font-family: Verdana; color: #000080;\"><span style=\"line-height: 22px; font-size: 15px;\"><strong>La biblioteca se encuentra abierta\u00a0en los siguientes horarios:<\/strong><\/span><\/span><\/p>\n<p class=\"MsoNormal\" style=\"margin: 0cm 0cm 0pt; line-height: 150%; text-align: center;\"><span style=\"font-family: Verdana; color: #000080;\"><span style=\"line-height: 22px; font-size: 15px;\">\u00a0<\/span><\/span><\/p>\n<p class=\"MsoNormal\" style=\"margin: 0cm 0cm 0pt; line-height: 150%; text-align: center;\"><span style=\"font-family: Verdana; color: #000080;\"><span style=\"line-height: 22px; font-size: 15px;\"><strong><span style=\"text-decoration: underline;\">Lunes a viernes<\/span>: de 8 a 23 hs<\/strong><\/span><\/span><span style=\"font-family: Verdana; color: #000080;\"><span style=\"line-height: 22px; font-size: 15px;\"><br \/>\n<\/span><\/span><\/p>\n<p class=\"MsoNormal\" style=\"margin: 0cm 0cm 0pt; line-height: 150%; text-align: center;\"><span style=\"font-family: Verdana; color: #000080;\"><span style=\"line-height: 22px; font-size: 15px;\"><strong>\u00a0<\/strong><\/span><\/span><\/p>\n<p class=\"MsoNormal\" style=\"margin: 0cm 0cm 0pt; line-height: 150%; text-align: center;\"><span style=\"font-family: Verdana; color: #000080;\"><span style=\"line-height: 22px; font-size: 15px;\"><strong>Se pueden realizar consultas a Biblioteca a la siguiente direcci\u00f3n de correo electr\u00f3nico:<\/strong><\/span><\/span><\/p>\n<p><span style=\"font-family: Verdana;\"><span style=\"font-size: 15px; line-height: 22px;\"><strong>\u00a0<\/strong><\/span><\/span><\/p>\n<p style=\"text-align: center;\"><a href=\"mailto:biblioteca.isp16@gmail.com\">Mail de Biblioteca: biblioteca.isp16@gmail.com<\/a><\/p>\n<p style=\"text-align: center;\"><span style=\"font-family: Verdana;\"><span style=\"font-size: 15px; line-height: 22px;\"><strong>\u00a0<\/strong><\/span><\/span><\/p>\n<p style=\"text-align: left;\"><span style=\"font-family: Verdana; color: #003366;\"><span style=\"font-size: 15px; line-height: 22px;\"><strong><strong>Se puede consultar el listado de libros disponibles en Biblioteca haciendo click \u00a0 <span style=\"text-decoration: underline;\"><a title=\"Registro de los libros de Biblioteca\" href=\"index.cgi?wid_item=192&amp;wid_seccion=28\">AQU\u00cd<\/a><\/span><\/strong><\/strong><\/span><\/span><\/p>\n<p style=\"text-align: left;\"><strong style=\"color: #003366; font-family: tahoma, arial, helvetica, sans-serif; font-size: 12pt;\"><span style=\"font-family: tahoma, arial, helvetica, sans-serif; font-size: 12pt; color: #003366;\"><span style=\"font-family: tahoma, arial, helvetica, sans-serif; font-size: 12pt; color: #003366;\">Adem\u00e1s contamos con una Biblioteca Digital. Pod\u00e9s hacer click en la im\u00e1gen para m\u00e1s informaci\u00f3n!!<\/span><\/span><\/strong><\/p>\n<p style=\"text-align: left;\">\n<p><span style=\"font-family: tahoma, arial, helvetica, sans-serif; font-size: 12pt; color: #003366;\" data-mce-mark=\"1\"><strong><span style=\"font-family: tahoma, arial, helvetica, sans-serif; font-size: 12pt; color: #003366;\" data-mce-mark=\"1\"><span style=\"font-family: tahoma, arial, helvetica, sans-serif; font-size: 12pt; color: #003366;\" data-mce-mark=\"1\"><a title=\"Biblioteca Virtual\" href=\"index.cgi?wid_item=242&amp;wid_seccion=28\"><img decoding=\"async\" loading=\"lazy\" style=\"display: block; margin-left: auto; margin-right: auto;\" title=\"Biblioteca Virtual\" src=\"https:\/\/isp16-sfe.infd.edu.ar\/sitio\/wp-content\/uploads\/2018\/08\/biblioteca_digital.jpg\" alt=\"Biblioteca Virtual\" width=\"244\" height=\"167\" border=\"0\" \/><\/a><\/span><\/span><\/strong><\/span><\/p>\n<p><iframe loading=\"lazy\" style=\"border: 0;\" src=\"https:\/\/calendar.google.com\/calendar\/embed?src=s9tj4uplgcgg6tu0q2e97lpigg%40group.calendar.google.com&amp;ctz=America\/Argentina\/Buenos_Aires\" width=\"800\" height=\"600\" frameborder=\"0\" scrolling=\"no\"><\/iframe><\/p>\n","protected":false},"excerpt":{"rendered":"<p>\u00a0 La biblioteca se encuentra abierta\u00a0en los siguientes horarios: \u00a0 Lunes a viernes: de 8 a 23 hs \u00a0 Se pueden realizar consultas a Biblioteca a la siguiente direcci\u00f3n de correo electr\u00f3nico: \u00a0 Mail de Biblioteca: biblioteca.isp16@gmail.com \u00a0 Se puede consultar el listado de libros disponibles en Biblioteca haciendo click \u00a0 AQU\u00cd Adem\u00e1s contamos con &#8230; <a title=\"Biblioteca\" class=\"read-more\" href=\"https:\/\/isp16-sfe.infd.edu.ar\/sitio\/biblioteca-2\/\" aria-label=\"More on Biblioteca\">[+]<\/a><\/p>\n","protected":false},"author":2082,"featured_media":0,"parent":0,"menu_order":0,"comment_status":"closed","ping_status":"closed","template":"","meta":[],"acf":[],"_links":{"self":[{"href":"https:\/\/isp16-sfe.infd.edu.ar\/sitio\/wp-json\/wp\/v2\/pages\/1104"}],"collection":[{"href":"https:\/\/isp16-sfe.infd.edu.ar\/sitio\/wp-json\/wp\/v2\/pages"}],"about":[{"href":"https:\/\/isp16-sfe.infd.edu.ar\/sitio\/wp-json\/wp\/v2\/types\/page"}],"author":[{"embeddable":true,"href":"https:\/\/isp16-sfe.infd.edu.ar\/sitio\/wp-json\/wp\/v2\/users\/2082"}],"replies":[{"embeddable":true,"href":"https:\/\/isp16-sfe.infd.edu.ar\/sitio\/wp-json\/wp\/v2\/comments?post=1104"}],"version-history":[{"count":5,"href":"https:\/\/isp16-sfe.infd.edu.ar\/sitio\/wp-json\/wp\/v2\/pages\/1104\/revisions"}],"predecessor-version":[{"id":3971,"href":"https:\/\/isp16-sfe.infd.edu.ar\/sitio\/wp-json\/wp\/v2\/pages\/1104\/revisions\/3971"}],"wp:attachment":[{"href":"https:\/\/isp16-sfe.infd.edu.ar\/sitio\/wp-json\/wp\/v2\/media?parent=1104"}],"curies":[{"name":"wp","href":"https:\/\/api.w.org\/{rel}","templated":true}]}}