{"id":1087,"date":"2018-08-31T14:52:41","date_gmt":"2018-08-31T17:52:41","guid":{"rendered":"https:\/\/isp16-sfe.infd.edu.ar\/sitio\/profesorado-de-ingles-para-la-educacion-secundaria\/"},"modified":"2018-11-21T08:20:47","modified_gmt":"2018-11-21T11:20:47","slug":"profesorado-de-ingles-para-la-educacion-secundaria","status":"publish","type":"page","link":"https:\/\/isp16-sfe.infd.edu.ar\/sitio\/profesorado-de-ingles-para-la-educacion-secundaria\/","title":{"rendered":"Profesorado de Ingl\u00e9s para la Educaci\u00f3n Secundaria"},"content":{"rendered":"<p style=\"text-align: center;\"><span style=\"font-size: 14pt;\"><strong><span style=\"color: #000080;\">Profesorado de Ingl\u00e9s para la Educaci\u00f3n Secundaria\u00a0<\/span><\/strong><\/span><\/p>\n<p style=\"text-align: center;\"><span style=\"font-size: 14pt;\"><strong><span style=\"color: #000080;\">\u00a0<\/span><\/strong><\/span><\/p>\n<p style=\"text-align: center;\"><span style=\"font-size: 14pt;\"><strong><span style=\"color: #000080;\"><img decoding=\"async\" loading=\"lazy\" title=\"Ingles\" src=\"https:\/\/isp16-sfe.infd.edu.ar\/sitio\/wp-content\/uploads\/2018\/08\/Ingles.jpg\" alt=\"Ingles\" width=\"279\" height=\"283\" border=\"0\" \/><\/span><\/strong><\/span><\/p>\n<hr style=\"width: 100%;\" width=\"100%\" \/>\n<p style=\"text-align: center;\">\n<p style=\"text-align: center;\"><span style=\"text-decoration: underline;\"><span style=\"font-family: tahoma, arial, helvetica, sans-serif; color: #333399; font-size: 14pt;\"><strong>Cursillo 2019<\/strong><\/span><\/span><\/p>\n<p><span style=\"font-family: tahoma, arial, helvetica, sans-serif; font-size: 12pt; color: #000080;\">Durante febrero y marzo, se dictar\u00e1 el\u00a0<strong>Curso Introductorio (Proped\u00e9utico)<\/strong>, que tiene las siguientes caracter\u00edsticas:\u00a0<\/span><\/p>\n<p>&nbsp;<\/p>\n<ul type=\"disc\">\n<li>\n<ul type=\"circle\">\n<li>Es de cursado\u00a0<strong>o<\/strong><strong>bligatorio (75% de asistencia).<\/strong><\/li>\n<li><strong>20<\/strong>\u00a0horas c\u00e1tedra (de 40 minutos) semanales.<\/li>\n<li>Se cursa de\u00a0<strong>l<\/strong><strong>unes a jueves de 18 a 21.30 hs, desde el 25\/2\/19 al 29\/3\/19.<\/strong><\/li>\n<li>Estar\u00e1 dictado por\u00a0<strong>docentes de la carrera<\/strong>\u00a0m\u00e1s una\u00a0<strong>docente externa.<\/strong><\/li>\n<li>El Curso incluye espacios para la pr\u00e1ctica de la lengua inglesa (dictados en ingl\u00e9s) y espacios para la introducci\u00f3n al estudio en el nivel superior y la carrera docente (dictados en espa\u00f1ol e ingl\u00e9s).<\/li>\n<li>En los m\u00f3dulos espec\u00edficos en ingl\u00e9s, se trabajar\u00e1 con un\u00a0<strong>NIVEL INTERMEDIO\u00a0<\/strong>(B1). Durante el primer a\u00f1o de la carrera, se espera que los alumnos puedan desenvolverse en el nivel intermedio superior (B2).<\/li>\n<li>Los alumnos deber\u00e1n presentar el 100% de los TP asignados en tiempo y forma.<\/li>\n<\/ul>\n<\/li>\n<\/ul>\n<div><\/div>\n<p><span style=\"font-family: 'book antiqua', palatino; font-size: 12pt; color: #000080;\" data-mce-mark=\"1\"><span data-mce-mark=\"1\"><strong>\u00a0<\/strong><\/span><\/span><\/p>\n<p style=\"text-align: center;\"><span style=\"font-family: 'book antiqua', palatino; font-size: 12pt; color: #000080;\">Por m\u00e1s consultas, contactarse a\u00a0inglesisfd16@gmail.com<\/span><\/p>\n<p><span style=\"font-family: 'book antiqua', palatino;\">\u00a0<\/span><\/p>\n<p>&nbsp;<\/p>\n<p>&nbsp;<\/p>\n<p style=\"text-align: center;\">\n<p style=\"text-align: center;\">\n<p style=\"text-align: center;\">\n<p style=\"text-align: center;\">\n<p style=\"text-align: center;\">\n<p style=\"text-align: center;\">\n<p style=\"text-align: center;\">\n<p style=\"text-align: center;\">\n<p style=\"text-align: center;\">\n<p style=\"text-align: center;\">\n<p style=\"text-align: center;\">\n<p style=\"text-align: center;\">\n<p style=\"text-align: center;\">\n<p style=\"text-align: center;\">\n<p style=\"text-align: center;\">\n<p style=\"text-align: center;\">\n<p style=\"text-align: center;\">\n<p style=\"text-align: center;\">\n<p style=\"text-align: center;\">\n<p style=\"text-align: center;\">\n<p style=\"text-align: center;\">\n<p style=\"text-align: center;\"><span style=\"font-size: 14pt;\"><strong><span style=\"color: #000080;\">\u00a0<\/span><\/strong><\/span><\/p>\n<p style=\"text-align: center;\"><span style=\"font-size: 14pt;\"><strong><span style=\"color: #000080;\">\u00a0<\/span><\/strong><\/span><\/p>\n<p style=\"text-align: center;\"><span style=\"font-size: 14pt;\"><strong><span style=\"color: #000080;\">\u00a0<\/span><\/strong><\/span><\/p>\n<p style=\"text-align: center;\"><span style=\"font-size: 14pt;\"><strong><span style=\"color: #000080;\">\u00a0<\/span><\/strong><\/span><\/p>\n<p style=\"text-align: center;\"><span style=\"font-size: 14pt;\"><strong><span style=\"color: #000080;\">\u00a0<\/span><\/strong><\/span><\/p>\n<p style=\"text-align: center;\"><span style=\"font-size: 14pt;\"><strong><span style=\"color: #000080;\">\u00a0<\/span><\/strong><\/span><\/p>\n","protected":false},"excerpt":{"rendered":"<p>Profesorado de Ingl\u00e9s para la Educaci\u00f3n Secundaria\u00a0 \u00a0 Cursillo 2019 Durante febrero y marzo, se dictar\u00e1 el\u00a0Curso Introductorio (Proped\u00e9utico), que tiene las siguientes caracter\u00edsticas:\u00a0 &nbsp; Es de cursado\u00a0obligatorio (75% de asistencia). 20\u00a0horas c\u00e1tedra (de 40 minutos) semanales. Se cursa de\u00a0lunes a jueves de 18 a 21.30 hs, desde el 25\/2\/19 al 29\/3\/19. Estar\u00e1 dictado por\u00a0docentes &#8230; <a title=\"Profesorado de Ingl\u00e9s para la Educaci\u00f3n Secundaria\" class=\"read-more\" href=\"https:\/\/isp16-sfe.infd.edu.ar\/sitio\/profesorado-de-ingles-para-la-educacion-secundaria\/\" aria-label=\"More on Profesorado de Ingl\u00e9s para la Educaci\u00f3n Secundaria\">[+]<\/a><\/p>\n","protected":false},"author":2082,"featured_media":0,"parent":0,"menu_order":0,"comment_status":"closed","ping_status":"closed","template":"","meta":[],"acf":[],"_links":{"self":[{"href":"https:\/\/isp16-sfe.infd.edu.ar\/sitio\/wp-json\/wp\/v2\/pages\/1087"}],"collection":[{"href":"https:\/\/isp16-sfe.infd.edu.ar\/sitio\/wp-json\/wp\/v2\/pages"}],"about":[{"href":"https:\/\/isp16-sfe.infd.edu.ar\/sitio\/wp-json\/wp\/v2\/types\/page"}],"author":[{"embeddable":true,"href":"https:\/\/isp16-sfe.infd.edu.ar\/sitio\/wp-json\/wp\/v2\/users\/2082"}],"replies":[{"embeddable":true,"href":"https:\/\/isp16-sfe.infd.edu.ar\/sitio\/wp-json\/wp\/v2\/comments?post=1087"}],"version-history":[{"count":2,"href":"https:\/\/isp16-sfe.infd.edu.ar\/sitio\/wp-json\/wp\/v2\/pages\/1087\/revisions"}],"predecessor-version":[{"id":1534,"href":"https:\/\/isp16-sfe.infd.edu.ar\/sitio\/wp-json\/wp\/v2\/pages\/1087\/revisions\/1534"}],"wp:attachment":[{"href":"https:\/\/isp16-sfe.infd.edu.ar\/sitio\/wp-json\/wp\/v2\/media?parent=1087"}],"curies":[{"name":"wp","href":"https:\/\/api.w.org\/{rel}","templated":true}]}}